{"id":11560,"date":"2025-04-11T10:20:41","date_gmt":"2025-04-11T08:20:41","guid":{"rendered":"https:\/\/www.traldisporta.com\/transporte\/"},"modified":"2025-07-22T20:15:35","modified_gmt":"2025-07-22T18:15:35","slug":"transport","status":"publish","type":"page","link":"https:\/\/www.traldisporta.com\/en\/transport\/","title":{"rendered":"Transport"},"content":{"rendered":"<div class=\"wpb-content-wrapper\"><p>[vc_row][vc_column]\n\t\t\t\t<p class=\"rs-p-wp-fix\"><\/p>\n\t\t\t\t<sr7-module data-alias=\"transporte\" data-id=\"3\" id=\"SR7_3_1\" class=\"rs-ov-hidden\" data-version=\"6.7.36\">\n\t\t\t\t\t<sr7-adjuster><\/sr7-adjuster>\n\t\t\t\t\t<sr7-content>\n\t\t\t\t\t\t<sr7-slide id=\"SR7_3_1-118\" data-key=\"118\">\n\t\t\t\t\t\t\t<sr7-bg id=\"SR7_3_1-118-23\" class=\"sr7-layer\"><noscript><img decoding=\"async\" src=\"https:\/\/www.traldisporta.com\/wp-content\/uploads\/2025\/06\/transporte_slide-1.jpg\" alt=\"\" title=\"\"><\/noscript><\/sr7-bg>\n\t\t\t\t\t\t\t<sr7-txt id=\"SR7_3_1-118-19\" class=\"sr7-layer\">Transport for the 21st century<\/sr7-txt>\n\t\t\t\t\t\t\t<sr7-txt id=\"SR7_3_1-118-20\" class=\"sr7-layer\">More reliable, punctual and sustainable<\/sr7-txt>\n\t\t\t\t\t\t\t<sr7-txt id=\"SR7_3_1-118-21\" class=\"sr7-layer\">INTERNATIONAL - NATIONAL - LOCAL - INDUSTRIAL - ADR<\/sr7-txt>\n\t\t\t\t\t\t<\/sr7-slide>\n\t\t\t\t\t\t<sr7-slide id=\"SR7_3_1-18\" data-key=\"18\">\n\t\t\t\t\t\t<\/sr7-slide>\n\t\t\t\t\t<\/sr7-content>\n\t\t\t\t\t<image_lists style=\"display:none\">\n\t\t\t\t\t\t<img data-src=\"\/\/www.traldisporta.com\/wp-content\/uploads\/2025\/03\/flecha_gris.png\" data-libid=\"8133\" data-lib=\"medialibrary\" width=\"0\" height=\"0\" data-dbsrc=\"Ly93d3cudHJhbGRpc3BvcnRhLmNvbS93cC1jb250ZW50L3VwbG9hZHMvMjAyNS8wMy9mbGVjaGFfZ3Jpcy5wbmc=\"\/>\n\t\t\t\t\t\t<img data-src=\"\/\/www.traldisporta.com\/wp-content\/uploads\/2025\/06\/transporte_slide-1.jpg\" data-libid=\"12082\" data-lib=\"medialibrary\" width=\"0\" height=\"0\" data-dbsrc=\"Ly93d3cudHJhbGRpc3BvcnRhLmNvbS93cC1jb250ZW50L3VwbG9hZHMvMjAyNS8wNi90cmFuc3BvcnRlX3NsaWRlLTEuanBn\"\/>\n\t\t\t\t\t<\/image_lists>\n\t\t\t\t<\/sr7-module>\n\t\t\t\t<script>\n\t\t\t\t\tSR7.PMH ??={}; SR7.PMH[\"SR7_3_1\"] = {cn:100,state:false,fn: function() { if (_tpt!==undefined && _tpt.prepareModuleHeight !== undefined) {  _tpt.prepareModuleHeight({id:\"SR7_3_1\",el:[900,900,768,960,720],type:'standard',shdw:'0',gh:[900,900,743,565,349],gw:[1240,1240,1024,778,480],vpt:['-100px'],size:{fullWidth:true, fullHeight:false},mh:'0',onh:0,onw:0,bg:{color:'{\"orig\":\"transparent\",\"type\":\"solid\",\"string\":\"transparent\"}'}});   SR7.PMH[\"SR7_3_1\"].state=true;} else if(SR7.PMH[\"SR7_3_1\"].cn-->0)\tsetTimeout( SR7.PMH[\"SR7_3_1\"].fn,19);}};SR7.PMH[\"SR7_3_1\" ].fn();\n\t\t\t\t<\/script>\n[\/vc_column][\/vc_row][vc_row full_width=&#8221;stretch_row&#8221; kd_image_overlay_color=&#8221;#FFFFFFE8&#8243; kd_bottom_separator_style=&#8221;arrow-down&#8221; kd_bottom_separator_height=&#8221;separator-height-small&#8221; kd_fixed_background=&#8221;true&#8221; kd_image_overlay=&#8221;true&#8221; kd_bottom_separator=&#8221;true&#8221; css=&#8221;.vc_custom_1753208052439{padding-top: 6% !important;padding-bottom: 6% !important;background: #f3f5f6 url(https:\/\/www.traldisporta.com\/wp-content\/uploads\/2025\/04\/trasporte_bg.jpg?id=9620) !important;background-position: center !important;background-repeat: no-repeat !important;background-size: cover !important;}&#8221; kd_bottom_separator_bg=&#8221;#FFFFFF&#8221; top_section_title=&#8221;&#8221; bottom_section_title=&#8221;&#8221;][vc_column][vc_single_image image=&#8221;8230&#8243; img_size=&#8221;full&#8221; alignment=&#8221;center&#8221; css=&#8221;&#8221;]<header class=\"kd-section-title col-lg-12 text-center solid-line sep-border-width-3 50 kd-animated fadeIn   vc_custom_1742292810156\" data-animation-delay=200><h2 class=\"separator_on\" style=\"color: #122763;font-size: 24px;\">Transporte de bienes y mercanc\u00edas<\/h2><div class=\"kd-separator below_title\" style=\"width:50;\"><div class=\"kd-separator-line\" style=\"border-color:#A7ACA2\"><\/div><\/div><h6 class=\"subtitle \" style=\"color: #004289;\">Sabemos que transportamos mucho m\u00e1s que mercanc\u00edas. Tambi\u00e9n transportamos certidumbre, confianza y sue\u00f1os. Por eso, nuestro compromiso es cumplir lo prometido. No fallamos a nuestros clientes, aquellos que env\u00edan, aquellos que reciben, con origen o destino Andorra \u2013 Pirineos.<\/h6><\/header>[\/vc_column][\/vc_row][vc_row full_width=&#8221;stretch_row&#8221; css=&#8221;.vc_custom_1744630814892{padding-top: 90px !important;padding-bottom: 80px !important;}&#8221;][vc_column width=&#8221;1\/2&#8243;]<header class=\"kd-section-title col-lg-12 text-left solid-line sep-border-width-3 100px kd-animated fadeIn  \" data-animation-delay=200><h2 class=\"separator_on\" style=\"color: #122763;\">Nuevos tiempos y desaf\u00edos exigen un servicio basado en la certidumbre.<\/h2><div class=\"kd-separator below_title\" style=\"width:100px;\"><div class=\"kd-separator-line\" style=\"border-color:#A7ACA2\"><\/div><\/div><h6 class=\"subtitle \" style=\"color: #004289;\">El mundo gira, as\u00ed que no podemos quedarnos quietos. De hecho, nos parece que ayudamos a que el mundo siga girando y a que lo haga mejor gracias a la fiabilidad, eficacia y seguridad de nuestros servicios.<\/h6><\/header>[vc_row_inner css=&#8221;.vc_custom_1751359533762{padding-top: 25px !important;}&#8221;][vc_column_inner width=&#8221;1\/4&#8243;][vc_single_image image=&#8221;8133&#8243; img_size=&#8221;full&#8221; alignment=&#8221;right&#8221; css=&#8221;&#8221;][\/vc_column_inner][vc_column_inner width=&#8221;1\/4&#8243;][\/vc_column_inner][vc_column_inner width=&#8221;1\/4&#8243;][\/vc_column_inner][vc_column_inner width=&#8221;1\/4&#8243;][\/vc_column_inner][\/vc_row_inner][\/vc_column][vc_column width=&#8221;1\/2&#8243;]<div class=\"video-container play-button-center\" ><img loading=\"lazy\" decoding=\"async\" width=\"800\" height=\"600\" src=\"https:\/\/www.traldisporta.com\/wp-content\/uploads\/2025\/03\/1720816827484.jpg\" class=\"attachment-full\" alt=\"\" title=\"\" srcset=\"https:\/\/www.traldisporta.com\/wp-content\/uploads\/2025\/03\/1720816827484.jpg 800w, https:\/\/www.traldisporta.com\/wp-content\/uploads\/2025\/03\/1720816827484-300x225.jpg 300w, https:\/\/www.traldisporta.com\/wp-content\/uploads\/2025\/03\/1720816827484-768x576.jpg 768w\" sizes=\"auto, (max-width: 800px) 100vw, 800px\" \/><a data-toggle=\"modal\" data-target=\"#video-modal-kd-video-modal-69f29074f3a99\" data-src=\"\" data-backdrop=\"true\" class=\"\"><span class=\"play-video\"><span class=\"fas fa-play\"><\/span><\/span><\/a><\/div><div class=\"modal fade video-modal\" id=\"video-modal-kd-video-modal-69f29074f3a99\" role=\"dialog\">\n                            <div class=\"modal-content\">\n                            <button type=\"button\" class=\"close\" data-dismiss=\"modal\">\u00d7<\/button>\n                            <div class=\"row\"><video class=\"video-modal-local\" title=\"\" poster=\"\" height=\"400px\" controls>\n                              <source src=\"https:\/\/www.traldisporta.com\/wp-content\/uploads\/2025\/04\/TRALDIS_PORTA_SISTEMA_ALMACENAMIENTO_CAMIONES_v3.4_OK_NET.mp4\" type=\"video\/mp4\"><img decoding=\"async\" alt=\"\" src=\"\" title=\"Video playback is not supported by your browser\" \/>\n                              <\/video><\/div>\n                            <\/div>\n                        <\/div>[\/vc_column][\/vc_row][vc_row full_width=&#8221;stretch_row&#8221; kd_fixed_background=&#8221;true&#8221; css=&#8221;.vc_custom_1744630740228{padding-top: 100px !important;padding-bottom: 25px !important;background-image: url(https:\/\/www.traldisporta.com\/wp-content\/uploads\/2025\/04\/bg3c.jpg?id=9361) !important;}&#8221;][vc_column width=&#8221;1\/2&#8243;]<header class=\"kd-section-title col-lg-12 text-left solid-line sep-border-width-3 100px kd-animated fadeIn  \" data-animation-delay=200><h2 class=\"separator_on\" style=\"color: #122763;\">Servicios de transporte<\/h2><div class=\"kd-separator below_title\" style=\"width:100px;\"><div class=\"kd-separator-line\" style=\"border-color:#A7ACA2\"><\/div><\/div><h6 class=\"subtitle \" style=\"color: #004289;\">Elija cu\u00e1l de ellos se adapta a sus necesidades y pulse sobre el icono para saber m\u00e1s.<\/h6><\/header>[\/vc_column][vc_column width=&#8221;1\/2&#8243;][\/vc_column][\/vc_row][vc_row][vc_column width=&#8221;1\/4&#8243;]<div class=\"key-icon-box icon-default icon-top cont-left ib-hover-1  kd-animated fadeInUp\" style=\"background-color: transparent;\" data-animation-delay=200><a href=\"https:\/\/www.traldisporta.com\/en\/industrial-and-international-parcel-transport\/\" target=\"\"><div class=\"ib-wrapper\"><div class=\"tt-iconbox-customimg img_big_size\"><img loading=\"lazy\" decoding=\"async\" width=\"512\" height=\"512\" src=\"https:\/\/www.traldisporta.com\/wp-content\/uploads\/2025\/03\/paquetes.png\" class=\"attachment-full\" alt=\"\" title=\"\" srcset=\"https:\/\/www.traldisporta.com\/wp-content\/uploads\/2025\/03\/paquetes.png 512w, https:\/\/www.traldisporta.com\/wp-content\/uploads\/2025\/03\/paquetes-300x300.png 300w, https:\/\/www.traldisporta.com\/wp-content\/uploads\/2025\/03\/paquetes-150x150.png 150w, https:\/\/www.traldisporta.com\/wp-content\/uploads\/2025\/03\/paquetes-320x320.png 320w\" sizes=\"auto, (max-width: 512px) 100vw, 512px\" \/><\/div><h5 class=\"service-heading\" style=\"color: #122763;\">Transporte de paqueter\u00eda industrial e internacional<\/h5><\/div><\/a><\/div>[\/vc_column][vc_column width=&#8221;1\/4&#8243;]<div class=\"key-icon-box icon-default icon-top cont-left ib-hover-1  kd-animated fadeInUp\" style=\"background-color: transparent;\" data-animation-delay=200><a href=\"https:\/\/www.traldisporta.com\/en\/refrigerated-transport\/\" target=\"\"><div class=\"ib-wrapper\"><div class=\"tt-iconbox-customimg img_big_size\"><img loading=\"lazy\" decoding=\"async\" width=\"512\" height=\"512\" src=\"https:\/\/www.traldisporta.com\/wp-content\/uploads\/2025\/03\/frigorifico.png\" class=\"attachment-full\" alt=\"\" title=\"\" srcset=\"https:\/\/www.traldisporta.com\/wp-content\/uploads\/2025\/03\/frigorifico.png 512w, https:\/\/www.traldisporta.com\/wp-content\/uploads\/2025\/03\/frigorifico-300x300.png 300w, https:\/\/www.traldisporta.com\/wp-content\/uploads\/2025\/03\/frigorifico-150x150.png 150w, https:\/\/www.traldisporta.com\/wp-content\/uploads\/2025\/03\/frigorifico-320x320.png 320w\" sizes=\"auto, (max-width: 512px) 100vw, 512px\" \/><\/div><h5 class=\"service-heading\" style=\"color: #122763;\">Transporte frigor\u00edfico<\/h5><\/div><\/a><\/div>[\/vc_column][vc_column width=&#8221;1\/4&#8243;]<div class=\"key-icon-box icon-default icon-top cont-left ib-hover-1  kd-animated fadeInUp scroll-section\" style=\"background-color: transparent;\" data-animation-delay=200><a href=\"https:\/\/www.traldisporta.com\/en\/full-truckload-transport\/\" target=\"\"><div class=\"ib-wrapper\"><div class=\"tt-iconbox-customimg img_big_size\"><img loading=\"lazy\" decoding=\"async\" width=\"512\" height=\"512\" src=\"https:\/\/www.traldisporta.com\/wp-content\/uploads\/2025\/03\/carga_icon.png\" class=\"attachment-full\" alt=\"\" title=\"\" srcset=\"https:\/\/www.traldisporta.com\/wp-content\/uploads\/2025\/03\/carga_icon.png 512w, https:\/\/www.traldisporta.com\/wp-content\/uploads\/2025\/03\/carga_icon-300x300.png 300w, https:\/\/www.traldisporta.com\/wp-content\/uploads\/2025\/03\/carga_icon-150x150.png 150w, https:\/\/www.traldisporta.com\/wp-content\/uploads\/2025\/03\/carga_icon-320x320.png 320w\" sizes=\"auto, (max-width: 512px) 100vw, 512px\" \/><\/div><h5 class=\"service-heading\" style=\"color: #122763;\">Transporte de carga completa<\/h5><\/div><\/a><\/div>[\/vc_column][vc_column width=&#8221;1\/4&#8243;]<div class=\"key-icon-box icon-default icon-top cont-left ib-hover-1  kd-animated fadeInUp\" style=\"background-color: transparent;\" data-animation-delay=200><a href=\"https:\/\/www.traldisporta.com\/en\/silo-tank-transport\/\" target=\"\"><div class=\"ib-wrapper\"><div class=\"tt-iconbox-customimg img_big_size\"><img loading=\"lazy\" decoding=\"async\" width=\"150\" height=\"150\" src=\"https:\/\/www.traldisporta.com\/wp-content\/uploads\/2025\/03\/cisterna_icon.png\" class=\"attachment-full\" alt=\"\" title=\"\" \/><\/div><h5 class=\"service-heading\" style=\"color: #122763;\">Transporte con cisternas silo<\/h5><\/div><\/a><\/div>[\/vc_column][\/vc_row][vc_row][vc_column width=&#8221;1\/4&#8243;]<div class=\"key-icon-box icon-default icon-top cont-left ib-hover-1  kd-animated fadeInUp\" style=\"background-color: transparent;\" data-animation-delay=200><a href=\"https:\/\/www.traldisporta.com\/en\/fashion-transport\/\" target=\"\"><div class=\"ib-wrapper\"><div class=\"tt-iconbox-customimg img_big_size\"><img loading=\"lazy\" decoding=\"async\" width=\"512\" height=\"512\" src=\"https:\/\/www.traldisporta.com\/wp-content\/uploads\/2025\/03\/ropa.png\" class=\"attachment-full\" alt=\"\" title=\"\" srcset=\"https:\/\/www.traldisporta.com\/wp-content\/uploads\/2025\/03\/ropa.png 512w, https:\/\/www.traldisporta.com\/wp-content\/uploads\/2025\/03\/ropa-300x300.png 300w, https:\/\/www.traldisporta.com\/wp-content\/uploads\/2025\/03\/ropa-150x150.png 150w, https:\/\/www.traldisporta.com\/wp-content\/uploads\/2025\/03\/ropa-320x320.png 320w\" sizes=\"auto, (max-width: 512px) 100vw, 512px\" \/><\/div><h5 class=\"service-heading\" style=\"color: #122763;\">Transporte de moda<\/h5><\/div><\/a><\/div>[\/vc_column][vc_column width=&#8221;1\/4&#8243;]<div class=\"key-icon-box icon-default icon-top cont-left ib-hover-1  kd-animated fadeInUp\" style=\"background-color: transparent;\" data-animation-delay=200><a href=\"https:\/\/www.traldisporta.com\/en\/overseas-transport\/\" target=\"\"><div class=\"ib-wrapper\"><div class=\"tt-iconbox-customimg img_big_size\"><img loading=\"lazy\" decoding=\"async\" width=\"150\" height=\"150\" src=\"https:\/\/www.traldisporta.com\/wp-content\/uploads\/2025\/03\/overseas_icon.png\" class=\"attachment-full\" alt=\"\" title=\"\" \/><\/div><h5 class=\"service-heading\" style=\"color: #122763;\">Transporte overseas<\/h5><\/div><\/a><\/div>[\/vc_column][vc_column width=&#8221;1\/4&#8243;]<div class=\"key-icon-box icon-default icon-top cont-left ib-hover-1  kd-animated fadeInUp scroll-section\" style=\"background-color: transparent;\" data-animation-delay=200><a href=\"https:\/\/www.traldisporta.com\/en\/andorra-express\/\" target=\"\"><div class=\"ib-wrapper\"><div class=\"tt-iconbox-customimg img_big_size\"><img loading=\"lazy\" decoding=\"async\" width=\"128\" height=\"128\" src=\"https:\/\/www.traldisporta.com\/wp-content\/uploads\/2025\/04\/express_icon.png\" class=\"attachment-full\" alt=\"\" title=\"\" \/><\/div><h5 class=\"service-heading\" style=\"color: #122763;\">Andorra Express<\/h5><\/div><\/a><\/div>[\/vc_column][vc_column width=&#8221;1\/4&#8243;]<div class=\"key-icon-box icon-default icon-top cont-left ib-hover-1  kd-animated fadeInUp\" style=\"background-color: transparent;\" data-animation-delay=200><a href=\"https:\/\/www.traldisporta.com\/en\/premium\/\" target=\"\"><div class=\"ib-wrapper\"><div class=\"tt-iconbox-customimg img_big_size\"><img loading=\"lazy\" decoding=\"async\" width=\"512\" height=\"512\" src=\"https:\/\/www.traldisporta.com\/wp-content\/uploads\/2025\/03\/distribucion_capilar.png\" class=\"attachment-full\" alt=\"\" title=\"\" srcset=\"https:\/\/www.traldisporta.com\/wp-content\/uploads\/2025\/03\/distribucion_capilar.png 512w, https:\/\/www.traldisporta.com\/wp-content\/uploads\/2025\/03\/distribucion_capilar-300x300.png 300w, https:\/\/www.traldisporta.com\/wp-content\/uploads\/2025\/03\/distribucion_capilar-150x150.png 150w, https:\/\/www.traldisporta.com\/wp-content\/uploads\/2025\/03\/distribucion_capilar-320x320.png 320w\" sizes=\"auto, (max-width: 512px) 100vw, 512px\" \/><\/div><h5 class=\"service-heading\" style=\"color: #122763;\">Premium: Bienes y objetos de especial valor<\/h5><\/div><\/a><\/div>[\/vc_column][\/vc_row][vc_row full_width=&#8221;stretch_row&#8221; kd_image_overlay=&#8221;true&#8221; css=&#8221;.vc_custom_1743504731316{margin-right: 15px !important;margin-bottom: 60px !important;padding-top: 100px !important;background: #FFFFFF url(https:\/\/www.traldisporta.com\/wp-content\/uploads\/2025\/03\/bg2.jpg?id=7559) !important;background-position: 0 0 !important;background-repeat: no-repeat !important;}&#8221;][vc_column width=&#8221;1\/2&#8243; offset=&#8221;vc_col-lg-6 vc_col-md-12&#8243;][vc_empty_space height=&#8221;10px&#8221;]<header class=\"kd-section-title col-lg-12 text-left  kd-animated fadeIn  \" data-animation-delay=200><h2 class=\"separator_off\" style=\"color: #ffffff;\">Contact us if you are looking for a different experience and results.<\/h2><h6 class=\"subtitle \" style=\"color: #ffffff;\">Discover how we can help you through personalised advice and a 100% reliable service.<\/h6><\/header>[vc_empty_space height=&#8221;10px&#8221;]<a  href=\"https:\/\/www.traldisporta.com\/en\/contacto\/\"  target=\"_self\"  title=\"Contacto\" class=\"tt_button tt_primary_button btn_primary_color  pull-left button-action-link  kd-animated zoomIn\" data-animation-delay=200><span class=\"prim_text\">Contact<\/span><\/a>[vc_empty_space height=&#8221;25px&#8221;][\/vc_column][vc_column width=&#8221;2\/12&#8243;][\/vc_column][vc_column width=&#8221;1\/12&#8243; css=&#8221;.vc_custom_1741271850566{padding-top: 30px !important;padding-right: 40px !important;padding-bottom: 23px !important;padding-left: 40px !important;background-color: #ffffff !important;}&#8221; offset=&#8221;vc_col-lg-4 vc_col-md-12&#8243; el_class=&#8221;with-shadow&#8221; el_id=&#8221;contact-form-box&#8221;]<header class=\"kd-section-title col-lg-12 text-center solid-line sep-border-width-3 50 kd-animated fadeIn  \" data-animation-delay=200><h2 class=\"separator_on\" style=\"font-size: 24px;\">Contact<\/h2><div class=\"kd-separator below_title\" style=\"width:50;\"><div class=\"kd-separator-line\" style=\"border-color:#A7ACA2\"><\/div><\/div><h6 class=\"subtitle \" style=\"font-size: 14px;\">We are at your service.<\/h6><\/header>[vc_empty_space height=&#8221;20px&#8221;]<div class=\"kd-contact-form full-width-cf   kd-animated fadeIn\" data-animation-delay=200>\n<div class=\"wpcf7 no-js\" id=\"wpcf7-f11052-o1\" lang=\"en-US\" dir=\"ltr\" data-wpcf7-id=\"11052\">\n<div class=\"screen-reader-response\"><p role=\"status\" aria-live=\"polite\" aria-atomic=\"true\"><\/p> <ul><\/ul><\/div>\n<form action=\"\/en\/wp-json\/wp\/v2\/pages\/11560#wpcf7-f11052-o1\" method=\"post\" class=\"wpcf7-form init\" aria-label=\"Contact form\" novalidate=\"novalidate\" data-status=\"init\">\n<fieldset class=\"hidden-fields-container\"><input type=\"hidden\" name=\"_wpcf7\" value=\"11052\" \/><input type=\"hidden\" name=\"_wpcf7_version\" value=\"6.1.5\" \/><input type=\"hidden\" name=\"_wpcf7_locale\" value=\"en_US\" \/><input type=\"hidden\" name=\"_wpcf7_unit_tag\" value=\"wpcf7-f11052-o1\" \/><input type=\"hidden\" name=\"_wpcf7_container_post\" value=\"0\" \/><input type=\"hidden\" name=\"_wpcf7_posted_data_hash\" value=\"\" \/><input type=\"hidden\" name=\"_wpcf7_recaptcha_response\" value=\"\" \/>\n<\/fieldset>\n<p><span class=\"wpcf7-form-control-wrap\" data-name=\"first-name\"><input size=\"40\" maxlength=\"400\" class=\"wpcf7-form-control wpcf7-text wpcf7-validates-as-required\" aria-required=\"true\" aria-invalid=\"false\" placeholder=\"Name *\" value=\"\" type=\"text\" name=\"first-name\" \/><\/span><br \/>\n<span class=\"wpcf7-form-control-wrap\" data-name=\"your-email\"><input size=\"40\" maxlength=\"400\" class=\"wpcf7-form-control wpcf7-email wpcf7-validates-as-required wpcf7-text wpcf7-validates-as-email\" aria-required=\"true\" aria-invalid=\"false\" placeholder=\"Email *\" value=\"\" type=\"email\" name=\"your-email\" \/><\/span><br \/>\n<span class=\"wpcf7-form-control-wrap\" data-name=\"your-phone\"><input size=\"40\" maxlength=\"400\" class=\"wpcf7-form-control wpcf7-tel wpcf7-validates-as-required wpcf7-text wpcf7-validates-as-tel\" aria-required=\"true\" aria-invalid=\"false\" placeholder=\"Telephone\" value=\"\" type=\"tel\" name=\"your-phone\" \/><\/span><br \/>\n<span class=\"wpcf7-form-control-wrap\" data-name=\"textarea-148\"><textarea cols=\"40\" rows=\"2\" maxlength=\"2000\" class=\"wpcf7-form-control wpcf7-textarea\" aria-invalid=\"false\" placeholder=\"Message\" name=\"textarea-148\"><\/textarea><\/span><br \/>\n<span class=\"wpcf7-form-control-wrap\" data-name=\"acceptance-567\"><span class=\"wpcf7-form-control wpcf7-acceptance optional\"><span class=\"wpcf7-list-item\"><label><input type=\"checkbox\" name=\"acceptance-567\" value=\"1\" aria-invalid=\"false\" \/><span class=\"wpcf7-list-item-label\"><span style=\"font-size:0.9em\">I have read and accept the PORTA GROUP <a href=\"https:\/\/www.traldisporta.com\/en\/privacy-policy\/\" target=\"_blank\">privacy policy<\/a><\/span><\/span><\/label><\/span><\/span><\/span>\n<\/p>\n<div class=\"Legal_text\">\n\t<p>The data collected through this form will be processed by TRANSPORTS I DISTRIBUCIONS, S.L.U. for the purpose of managing your queries as a user of the website. The basis for legitimacy will be your consent, so we recommend that you read our complete <a href=\"https:\/\/www.traldisporta.com\/en\/privacy-policy\/\" target=\"_blank\">privacy policy<\/a> carefully. Your data may be transferred to other companies within the PORTA GROUP. The data you provide will be kept for a maximum of twelve months. You may exercise your data protection rights by contacting the data controller at dades@porta.ad or by contacting our Data Protection Officer at dpo@cplegalconsulting.com\n\t<\/p>\n<\/div>\n<span class=\"wpcf7-form-control-wrap recaptcha\" data-name=\"recaptcha\"><span data-sitekey=\"6LclhMMrAAAAADp2bGOO_GyWnBA77uR5A0NjtkwG\" class=\"wpcf7-form-control wpcf7-recaptcha g-recaptcha\"><\/span>\r\n<noscript>\r\n\t<div class=\"grecaptcha-noscript\">\r\n\t\t<iframe loading=\"lazy\" src=\"https:\/\/www.google.com\/recaptcha\/api\/fallback?k=6LclhMMrAAAAADp2bGOO_GyWnBA77uR5A0NjtkwG\" frameborder=\"0\" scrolling=\"no\" width=\"310\" height=\"430\">\r\n\t\t<\/iframe>\r\n\t\t<textarea name=\"g-recaptcha-response\" rows=\"3\" cols=\"40\" placeholder=\"reCaptcha Response Here\">\r\n\t\t<\/textarea>\r\n\t<\/div>\r\n<\/noscript>\r\n<\/span>\n<p><input class=\"wpcf7-form-control wpcf7-submit has-spinner\" type=\"submit\" value=\"Send Message\" \/>\n<\/p><div class=\"wpcf7-response-output\" aria-hidden=\"true\"><\/div>\n<\/form>\n<\/div>\n<\/div>[\/vc_column][\/vc_row]<\/p>\n<\/div>","protected":false},"excerpt":{"rendered":"<p>[vc_row][vc_column][\/vc_column][\/vc_row][vc_row full_width=&#8221;stretch_row&#8221; kd_image_overlay_color=&#8221;#FFFFFFE8&#8243; kd_bottom_separator_style=&#8221;arrow-down&#8221; kd_bottom_separator_height=&#8221;separator-height-small&#8221; kd_fixed_background=&#8221;true&#8221; kd_image_overlay=&#8221;true&#8221; kd_bottom_separator=&#8221;true&#8221; css=&#8221;.vc_custom_1753208052439{padding-top: 6% !important;padding-bottom: 6% !important;background: #f3f5f6 url(https:\/\/www.traldisporta.com\/wp-content\/uploads\/2025\/04\/trasporte_bg.jpg?id=9620) !important;background-position: center !important;background-repeat: no-repeat !important;background-size: [&hellip;]<\/p>\n","protected":false},"author":2,"featured_media":0,"parent":0,"menu_order":0,"comment_status":"closed","ping_status":"closed","template":"","meta":{"footnotes":""},"class_list":["post-11560","page","type-page","status-publish","hentry"],"_links":{"self":[{"href":"https:\/\/www.traldisporta.com\/en\/wp-json\/wp\/v2\/pages\/11560","targetHints":{"allow":["GET"]}}],"collection":[{"href":"https:\/\/www.traldisporta.com\/en\/wp-json\/wp\/v2\/pages"}],"about":[{"href":"https:\/\/www.traldisporta.com\/en\/wp-json\/wp\/v2\/types\/page"}],"author":[{"embeddable":true,"href":"https:\/\/www.traldisporta.com\/en\/wp-json\/wp\/v2\/users\/2"}],"replies":[{"embeddable":true,"href":"https:\/\/www.traldisporta.com\/en\/wp-json\/wp\/v2\/comments?post=11560"}],"version-history":[{"count":9,"href":"https:\/\/www.traldisporta.com\/en\/wp-json\/wp\/v2\/pages\/11560\/revisions"}],"predecessor-version":[{"id":12317,"href":"https:\/\/www.traldisporta.com\/en\/wp-json\/wp\/v2\/pages\/11560\/revisions\/12317"}],"wp:attachment":[{"href":"https:\/\/www.traldisporta.com\/en\/wp-json\/wp\/v2\/media?parent=11560"}],"curies":[{"name":"wp","href":"https:\/\/api.w.org\/{rel}","templated":true}]}}