{"id":11698,"date":"2025-04-11T11:05:16","date_gmt":"2025-04-11T09:05:16","guid":{"rendered":"https:\/\/www.traldisporta.com\/logistica\/"},"modified":"2025-07-01T10:50:05","modified_gmt":"2025-07-01T08:50:05","slug":"logistics","status":"publish","type":"page","link":"https:\/\/www.traldisporta.com\/en\/logistics\/","title":{"rendered":"Logistics"},"content":{"rendered":"<div class=\"wpb-content-wrapper\"><p>[vc_row][vc_column]\n\t\t\t\t<p class=\"rs-p-wp-fix\"><\/p>\n\t\t\t\t<sr7-module data-alias=\"logostica\" data-id=\"1\" id=\"SR7_1_1\" class=\"rs-ov-hidden\" data-version=\"6.7.36\">\n\t\t\t\t\t<sr7-adjuster><\/sr7-adjuster>\n\t\t\t\t\t<sr7-content>\n\t\t\t\t\t\t<sr7-slide id=\"SR7_1_1-145\" data-key=\"145\">\n\t\t\t\t\t\t\t<sr7-bg id=\"SR7_1_1-145-27\" class=\"sr7-layer\"><noscript><img decoding=\"async\" src=\"https:\/\/www.traldisporta.com\/wp-content\/uploads\/2025\/06\/logistica_slide.jpg\" alt=\"\" title=\"\"><\/noscript><\/sr7-bg>\n\t\t\t\t\t\t\t<sr7-txt id=\"SR7_1_1-145-23\" class=\"sr7-layer\">Logistics in the 21st century<\/sr7-txt>\n\t\t\t\t\t\t\t<sr7-txt id=\"SR7_1_1-145-24\" class=\"sr7-layer\">Smarter, more accurate and reliable<\/sr7-txt>\n\t\t\t\t\t\t\t<sr7-txt id=\"SR7_1_1-145-25\" class=\"sr7-layer\">LOGISTICS - WAREHOUSING - DISTRIBUTION<\/sr7-txt>\n\t\t\t\t\t\t<\/sr7-slide>\n\t\t\t\t\t\t<sr7-slide id=\"SR7_1_1-2\" data-key=\"2\">\n\t\t\t\t\t\t<\/sr7-slide>\n\t\t\t\t\t<\/sr7-content>\n\t\t\t\t\t<image_lists style=\"display:none\">\n\t\t\t\t\t\t<img data-src=\"\/\/www.traldisporta.com\/wp-content\/uploads\/2025\/03\/flecha_gris.png\" data-libid=\"8133\" data-lib=\"medialibrary\" width=\"0\" height=\"0\" data-dbsrc=\"Ly93d3cudHJhbGRpc3BvcnRhLmNvbS93cC1jb250ZW50L3VwbG9hZHMvMjAyNS8wMy9mbGVjaGFfZ3Jpcy5wbmc=\"\/>\n\t\t\t\t\t\t<img data-src=\"\/\/www.traldisporta.com\/wp-content\/uploads\/2025\/06\/logistica_slide.jpg\" data-libid=\"12086\" data-lib=\"medialibrary\" width=\"0\" height=\"0\" data-dbsrc=\"Ly93d3cudHJhbGRpc3BvcnRhLmNvbS93cC1jb250ZW50L3VwbG9hZHMvMjAyNS8wNi9sb2dpc3RpY2Ffc2xpZGUuanBn\"\/>\n\t\t\t\t\t<\/image_lists>\n\t\t\t\t<\/sr7-module>\n\t\t\t\t<script>\n\t\t\t\t\tSR7.PMH ??={}; SR7.PMH[\"SR7_1_1\"] = {cn:100,state:false,fn: function() { if (_tpt!==undefined && _tpt.prepareModuleHeight !== undefined) {  _tpt.prepareModuleHeight({id:\"SR7_1_1\",el:[900,900,768,960,720],type:'standard',shdw:'0',gh:[900,900,743,565,349],gw:[1240,1240,1024,778,480],vpt:['-100px'],size:{fullWidth:true, fullHeight:false},mh:'0',onh:0,onw:0,bg:{color:'{\"orig\":\"transparent\",\"type\":\"solid\",\"string\":\"transparent\"}'}});   SR7.PMH[\"SR7_1_1\"].state=true;} else if(SR7.PMH[\"SR7_1_1\"].cn-->0)\tsetTimeout( SR7.PMH[\"SR7_1_1\"].fn,19);}};SR7.PMH[\"SR7_1_1\" ].fn();\n\t\t\t\t<\/script>\n[\/vc_column][\/vc_row][vc_row full_width=&#8221;stretch_row&#8221; kd_image_overlay_color=&#8221;#FFFFFFC2&#8243; kd_bottom_separator_style=&#8221;arrow-down&#8221; kd_bottom_separator_height=&#8221;separator-height-small&#8221; kd_fixed_background=&#8221;true&#8221; kd_image_overlay=&#8221;true&#8221; kd_bottom_separator=&#8221;true&#8221; css=&#8221;.vc_custom_1744976478175{padding-top: 6% !important;padding-bottom: 6% !important;background: #f3f5f6 url(https:\/\/www.traldisporta.com\/wp-content\/uploads\/2025\/04\/bg_logistica.jpg?id=9616) !important;background-position: center !important;background-repeat: no-repeat !important;background-size: cover !important;}&#8221;][vc_column][vc_single_image image=&#8221;8234&#8243; img_size=&#8221;full&#8221; alignment=&#8221;center&#8221; css=&#8221;&#8221;]<header class=\"kd-section-title col-lg-12 text-center solid-line sep-border-width-3 50 kd-animated fadeIn   vc_custom_1742292788593\" data-animation-delay=200><h2 class=\"separator_on\" style=\"color: #122763;font-size: 24px;\">Operador log\u00edstico<\/h2><div class=\"kd-separator below_title\" style=\"width:50;\"><div class=\"kd-separator-line\" style=\"border-color:#A7ACA2\"><\/div><\/div><h6 class=\"subtitle \" style=\"color: #004289;\">Nuestra tecnolog\u00eda digital utiliza algoritmos y an\u00e1lisis de datos para evitar errores, optimizar rutas y minimizar costos, posicion\u00e1ndonos como el socio estrat\u00e9gico para los servicios de log\u00edstica, almacenaje y distribuci\u00f3n en Andorra \u2013 Pirineos.<\/h6><\/header>[\/vc_column][\/vc_row][vc_row full_width=&#8221;stretch_row&#8221; el_id=&#8221;servicios&#8221; css=&#8221;.vc_custom_1744632302429{padding-top: 90px !important;padding-bottom: 80px !important;}&#8221;][vc_column width=&#8221;1\/2&#8243;][vc_row_inner][vc_column_inner]<header class=\"kd-section-title col-lg-12 text-left solid-line sep-border-width-3 100px kd-animated fadeIn  \" data-animation-delay=200><h2 class=\"separator_on\" style=\"color: #122763;\">Sabemos lo que es valioso para usted y para su empresa.<\/h2><div class=\"kd-separator below_title\" style=\"width:100px;\"><div class=\"kd-separator-line\" style=\"border-color:#A7ACA2\"><\/div><\/div><h6 class=\"subtitle \" style=\"color: #004289;\">Cuidamos su mercanc\u00eda como si fuera propia gracias a una gesti\u00f3n administrativa digitalizada, la automatizaci\u00f3n de los procesos y el cumplimiento de rigurosas normas de calidad y seguridad.<\/h6><\/header>[\/vc_column_inner][\/vc_row_inner][vc_row_inner css=&#8221;.vc_custom_1751359571488{padding-top: 25px !important;}&#8221;][vc_column_inner width=&#8221;1\/4&#8243;][vc_single_image image=&#8221;8133&#8243; css=&#8221;&#8221;][\/vc_column_inner][vc_column_inner width=&#8221;1\/4&#8243;][\/vc_column_inner][vc_column_inner width=&#8221;1\/4&#8243;][\/vc_column_inner][vc_column_inner width=&#8221;1\/4&#8243;][\/vc_column_inner][\/vc_row_inner][\/vc_column][vc_column width=&#8221;1\/2&#8243;]<div class=\"video-container play-button-center\" ><img loading=\"lazy\" decoding=\"async\" width=\"1024\" height=\"683\" src=\"https:\/\/www.traldisporta.com\/wp-content\/uploads\/2025\/04\/paqueteria_industrial4.jpg\" class=\"attachment-full\" alt=\"\" title=\"\" srcset=\"https:\/\/www.traldisporta.com\/wp-content\/uploads\/2025\/04\/paqueteria_industrial4.jpg 1024w, https:\/\/www.traldisporta.com\/wp-content\/uploads\/2025\/04\/paqueteria_industrial4-300x200.jpg 300w, https:\/\/www.traldisporta.com\/wp-content\/uploads\/2025\/04\/paqueteria_industrial4-768x512.jpg 768w\" sizes=\"auto, (max-width: 1024px) 100vw, 1024px\" \/><a data-toggle=\"modal\" data-target=\"#video-modal-kd-video-modal-69f2a03e4155a\" data-src=\"\" data-backdrop=\"true\" class=\"\"><span class=\"play-video\"><span class=\"fas fa-play\"><\/span><\/span><\/a><\/div><div class=\"modal fade video-modal\" id=\"video-modal-kd-video-modal-69f2a03e4155a\" role=\"dialog\">\n                            <div class=\"modal-content\">\n                            <button type=\"button\" class=\"close\" data-dismiss=\"modal\">\u00d7<\/button>\n                            <div class=\"row\"><video class=\"video-modal-local\" title=\"\" poster=\"\" height=\"400px\" controls>\n                              <source src=\"https:\/\/www.traldisporta.com\/wp-content\/uploads\/2025\/04\/TRALDIS_PORTA_APACHE_V6.2_MASTER2_NET.mp4\" type=\"video\/mp4\"><img decoding=\"async\" alt=\"\" src=\"\" title=\"Video playback is not supported by your browser\" \/>\n                              <\/video><\/div>\n                            <\/div>\n                        <\/div>[\/vc_column][\/vc_row][vc_row full_width=&#8221;stretch_row&#8221; kd_fixed_background=&#8221;true&#8221; css=&#8221;.vc_custom_1744630755465{padding-top: 100px !important;padding-bottom: 25px !important;background-image: url(https:\/\/www.traldisporta.com\/wp-content\/uploads\/2025\/04\/bg3c.jpg?id=9361) !important;}&#8221;][vc_column]<header class=\"kd-section-title col-lg-12 text-center solid-line sep-border-width-3 100px kd-animated fadeIn  \" data-animation-delay=200><h2 class=\"separator_on\" style=\"color: #122763;\">Servicios de log\u00edstica<\/h2><div class=\"kd-separator below_title\" style=\"width:100px;\"><div class=\"kd-separator-line\" style=\"border-color:#A7ACA2\"><\/div><\/div><h6 class=\"subtitle \" style=\"color: #004289;\">Elija cu\u00e1l de ellos se adapta a sus necesidades y pulse sobre el icono para saber m\u00e1s.<\/h6><\/header>[\/vc_column][\/vc_row][vc_row][vc_column width=&#8221;1\/4&#8243;]<div class=\"key-icon-box icon-default icon-top cont-left ib-hover-1  kd-animated fadeInUp scroll-section\" style=\"background-color: transparent;\" data-animation-delay=200><a href=\"https:\/\/www.traldisporta.com\/en\/storage-and-dispatch\/\" target=\"\"><div class=\"ib-wrapper\"><div class=\"tt-iconbox-customimg img_big_size\"><img loading=\"lazy\" decoding=\"async\" width=\"512\" height=\"512\" src=\"https:\/\/www.traldisporta.com\/wp-content\/uploads\/2025\/03\/deposito_aduanero.png\" class=\"attachment-full\" alt=\"\" title=\"\" srcset=\"https:\/\/www.traldisporta.com\/wp-content\/uploads\/2025\/03\/deposito_aduanero.png 512w, https:\/\/www.traldisporta.com\/wp-content\/uploads\/2025\/03\/deposito_aduanero-300x300.png 300w, https:\/\/www.traldisporta.com\/wp-content\/uploads\/2025\/03\/deposito_aduanero-150x150.png 150w, https:\/\/www.traldisporta.com\/wp-content\/uploads\/2025\/03\/deposito_aduanero-320x320.png 320w\" sizes=\"auto, (max-width: 512px) 100vw, 512px\" \/><\/div><h5 class=\"service-heading\" style=\"color: #122763;\">Almacenaje y expedici\u00f3n<\/h5><\/div><\/a><\/div>[\/vc_column][vc_column width=&#8221;1\/4&#8243;]<div class=\"key-icon-box icon-default icon-top cont-left ib-hover-1  kd-animated fadeInUp\" style=\"background-color: transparent;\" data-animation-delay=200><a href=\"https:\/\/www.traldisporta.com\/en\/order-preparation\/\" target=\"\"><div class=\"ib-wrapper\"><div class=\"tt-iconbox-customimg img_big_size\"><img loading=\"lazy\" decoding=\"async\" width=\"512\" height=\"512\" src=\"https:\/\/www.traldisporta.com\/wp-content\/uploads\/2025\/03\/distribucion_capilar.png\" class=\"attachment-full\" alt=\"\" title=\"\" srcset=\"https:\/\/www.traldisporta.com\/wp-content\/uploads\/2025\/03\/distribucion_capilar.png 512w, https:\/\/www.traldisporta.com\/wp-content\/uploads\/2025\/03\/distribucion_capilar-300x300.png 300w, https:\/\/www.traldisporta.com\/wp-content\/uploads\/2025\/03\/distribucion_capilar-150x150.png 150w, https:\/\/www.traldisporta.com\/wp-content\/uploads\/2025\/03\/distribucion_capilar-320x320.png 320w\" sizes=\"auto, (max-width: 512px) 100vw, 512px\" \/><\/div><h5 class=\"service-heading\" style=\"color: #122763;\">Preparaci\u00f3n de pedidos<\/h5><\/div><\/a><\/div>[\/vc_column][vc_column width=&#8221;1\/4&#8243;]<div class=\"key-icon-box icon-default icon-top cont-left ib-hover-1  kd-animated fadeInUp\" style=\"background-color: transparent;\" data-animation-delay=200><a href=\"https:\/\/www.traldisporta.com\/en\/customs-warehouse-in-andorra\/\" target=\"\"><div class=\"ib-wrapper\"><div class=\"tt-iconbox-customimg img_big_size\"><img loading=\"lazy\" decoding=\"async\" width=\"512\" height=\"512\" src=\"https:\/\/www.traldisporta.com\/wp-content\/uploads\/2025\/03\/europa.png\" class=\"attachment-full\" alt=\"\" title=\"\" srcset=\"https:\/\/www.traldisporta.com\/wp-content\/uploads\/2025\/03\/europa.png 512w, https:\/\/www.traldisporta.com\/wp-content\/uploads\/2025\/03\/europa-300x300.png 300w, https:\/\/www.traldisporta.com\/wp-content\/uploads\/2025\/03\/europa-150x150.png 150w, https:\/\/www.traldisporta.com\/wp-content\/uploads\/2025\/03\/europa-320x320.png 320w\" sizes=\"auto, (max-width: 512px) 100vw, 512px\" \/><\/div><h5 class=\"service-heading\" style=\"color: #122763;\">Dep\u00f3sito aduanero en Andorra<\/h5><\/div><\/a><\/div>[\/vc_column][vc_column width=&#8221;1\/4&#8243;]<div class=\"key-icon-box icon-default icon-top cont-left ib-hover-1  kd-animated fadeInUp\" style=\"background-color: transparent;\" data-animation-delay=200><a href=\"https:\/\/www.traldisporta.com\/en\/reverse-logistics\/\" target=\"\"><div class=\"ib-wrapper\"><div class=\"tt-iconbox-customimg img_big_size\"><img loading=\"lazy\" decoding=\"async\" width=\"512\" height=\"512\" src=\"https:\/\/www.traldisporta.com\/wp-content\/uploads\/2025\/04\/logistica_inversa_2-1.png\" class=\"attachment-full\" alt=\"\" title=\"\" srcset=\"https:\/\/www.traldisporta.com\/wp-content\/uploads\/2025\/04\/logistica_inversa_2-1.png 512w, https:\/\/www.traldisporta.com\/wp-content\/uploads\/2025\/04\/logistica_inversa_2-1-300x300.png 300w, https:\/\/www.traldisporta.com\/wp-content\/uploads\/2025\/04\/logistica_inversa_2-1-150x150.png 150w, https:\/\/www.traldisporta.com\/wp-content\/uploads\/2025\/04\/logistica_inversa_2-1-320x320.png 320w\" sizes=\"auto, (max-width: 512px) 100vw, 512px\" \/><\/div><h5 class=\"service-heading\" style=\"color: #122763;\">Log\u00edstica inversa<\/h5><\/div><\/a><\/div>[\/vc_column][\/vc_row][vc_row full_width=&#8221;stretch_row_content_no_spaces&#8221;][vc_column][vc_raw_html css=&#8221;&#8221;]JTVCZWxmc2lnaHRfZ29vZ2xlX21hcHMlMjBpZCUzRCUyMjIlMjIlNUQ=[\/vc_raw_html][\/vc_column][\/vc_row][vc_row full_width=&#8221;stretch_row&#8221; kd_image_overlay=&#8221;true&#8221; css=&#8221;.vc_custom_1743504731316{margin-right: 15px !important;margin-bottom: 60px !important;padding-top: 100px !important;background: #FFFFFF url(https:\/\/www.traldisporta.com\/wp-content\/uploads\/2025\/03\/bg2.jpg?id=7559) !important;background-position: 0 0 !important;background-repeat: no-repeat !important;}&#8221;][vc_column width=&#8221;1\/2&#8243; offset=&#8221;vc_col-lg-6 vc_col-md-12&#8243;][vc_empty_space height=&#8221;10px&#8221;]<header class=\"kd-section-title col-lg-12 text-left  kd-animated fadeIn  \" data-animation-delay=200><h2 class=\"separator_off\" style=\"color: #ffffff;\">Contacte con nosotros si busca una experiencia y unos resultados diferentes.<\/h2><h6 class=\"subtitle \" style=\"color: #ffffff;\">Descubra c\u00f3mo podemos ayudarle a trav\u00e9s de un asesoramiento personalizado y un servicio 100% fiable.<\/h6><\/header>[vc_empty_space height=&#8221;10px&#8221;]<a  href=\"https:\/\/www.traldisporta.com\/en\/contact\/\"  target=\"_self\"  title=\"Contacto\" class=\"tt_button tt_primary_button btn_primary_color  pull-left button-action-link  kd-animated zoomIn\" data-animation-delay=200><span class=\"prim_text\">Contacto<\/span><\/a>[vc_empty_space height=&#8221;25px&#8221;][\/vc_column][vc_column width=&#8221;2\/12&#8243;][\/vc_column][vc_column width=&#8221;1\/12&#8243; css=&#8221;.vc_custom_1741271850566{padding-top: 30px !important;padding-right: 40px !important;padding-bottom: 23px !important;padding-left: 40px !important;background-color: #ffffff !important;}&#8221; offset=&#8221;vc_col-lg-4 vc_col-md-12&#8243; el_class=&#8221;with-shadow&#8221; el_id=&#8221;contact-form-box&#8221;]<header class=\"kd-section-title col-lg-12 text-center solid-line sep-border-width-3 50 kd-animated fadeIn  \" data-animation-delay=200><h2 class=\"separator_on\" style=\"font-size: 24px;\">Contacto<\/h2><div class=\"kd-separator below_title\" style=\"width:50;\"><div class=\"kd-separator-line\" style=\"border-color:#A7ACA2\"><\/div><\/div><h6 class=\"subtitle \" style=\"font-size: 14px;\">Estamos a su servicio.<\/h6><\/header>[vc_empty_space height=&#8221;20px&#8221;]<div class=\"kd-contact-form full-width-cf   kd-animated fadeIn\" data-animation-delay=200>\n<div class=\"wpcf7 no-js\" id=\"wpcf7-f11052-o1\" lang=\"en-US\" dir=\"ltr\" data-wpcf7-id=\"11052\">\n<div class=\"screen-reader-response\"><p role=\"status\" aria-live=\"polite\" aria-atomic=\"true\"><\/p> <ul><\/ul><\/div>\n<form action=\"\/en\/wp-json\/wp\/v2\/pages\/11698#wpcf7-f11052-o1\" method=\"post\" class=\"wpcf7-form init\" aria-label=\"Contact form\" novalidate=\"novalidate\" data-status=\"init\">\n<fieldset class=\"hidden-fields-container\"><input type=\"hidden\" name=\"_wpcf7\" value=\"11052\" \/><input type=\"hidden\" name=\"_wpcf7_version\" value=\"6.1.5\" \/><input type=\"hidden\" name=\"_wpcf7_locale\" value=\"en_US\" \/><input type=\"hidden\" name=\"_wpcf7_unit_tag\" value=\"wpcf7-f11052-o1\" \/><input type=\"hidden\" name=\"_wpcf7_container_post\" value=\"0\" \/><input type=\"hidden\" name=\"_wpcf7_posted_data_hash\" value=\"\" \/><input type=\"hidden\" name=\"_wpcf7_recaptcha_response\" value=\"\" \/>\n<\/fieldset>\n<p><span class=\"wpcf7-form-control-wrap\" data-name=\"first-name\"><input size=\"40\" maxlength=\"400\" class=\"wpcf7-form-control wpcf7-text wpcf7-validates-as-required\" aria-required=\"true\" aria-invalid=\"false\" placeholder=\"Name *\" value=\"\" type=\"text\" name=\"first-name\" \/><\/span><br \/>\n<span class=\"wpcf7-form-control-wrap\" data-name=\"your-email\"><input size=\"40\" maxlength=\"400\" class=\"wpcf7-form-control wpcf7-email wpcf7-validates-as-required wpcf7-text wpcf7-validates-as-email\" aria-required=\"true\" aria-invalid=\"false\" placeholder=\"Email *\" value=\"\" type=\"email\" name=\"your-email\" \/><\/span><br \/>\n<span class=\"wpcf7-form-control-wrap\" data-name=\"your-phone\"><input size=\"40\" maxlength=\"400\" class=\"wpcf7-form-control wpcf7-tel wpcf7-validates-as-required wpcf7-text wpcf7-validates-as-tel\" aria-required=\"true\" aria-invalid=\"false\" placeholder=\"Telephone\" value=\"\" type=\"tel\" name=\"your-phone\" \/><\/span><br \/>\n<span class=\"wpcf7-form-control-wrap\" data-name=\"textarea-148\"><textarea cols=\"40\" rows=\"2\" maxlength=\"2000\" class=\"wpcf7-form-control wpcf7-textarea\" aria-invalid=\"false\" placeholder=\"Message\" name=\"textarea-148\"><\/textarea><\/span><br \/>\n<span class=\"wpcf7-form-control-wrap\" data-name=\"acceptance-567\"><span class=\"wpcf7-form-control wpcf7-acceptance optional\"><span class=\"wpcf7-list-item\"><label><input type=\"checkbox\" name=\"acceptance-567\" value=\"1\" aria-invalid=\"false\" \/><span class=\"wpcf7-list-item-label\"><span style=\"font-size:0.9em\">I have read and accept the PORTA GROUP <a href=\"https:\/\/www.traldisporta.com\/en\/privacy-policy\/\" target=\"_blank\">privacy policy<\/a><\/span><\/span><\/label><\/span><\/span><\/span>\n<\/p>\n<div class=\"Legal_text\">\n\t<p>The data collected through this form will be processed by TRANSPORTS I DISTRIBUCIONS, S.L.U. for the purpose of managing your queries as a user of the website. The basis for legitimacy will be your consent, so we recommend that you read our complete <a href=\"https:\/\/www.traldisporta.com\/en\/privacy-policy\/\" target=\"_blank\">privacy policy<\/a> carefully. Your data may be transferred to other companies within the PORTA GROUP. The data you provide will be kept for a maximum of twelve months. You may exercise your data protection rights by contacting the data controller at dades@porta.ad or by contacting our Data Protection Officer at dpo@cplegalconsulting.com\n\t<\/p>\n<\/div>\n<span class=\"wpcf7-form-control-wrap recaptcha\" data-name=\"recaptcha\"><span data-sitekey=\"6LclhMMrAAAAADp2bGOO_GyWnBA77uR5A0NjtkwG\" class=\"wpcf7-form-control wpcf7-recaptcha g-recaptcha\"><\/span>\r\n<noscript>\r\n\t<div class=\"grecaptcha-noscript\">\r\n\t\t<iframe loading=\"lazy\" src=\"https:\/\/www.google.com\/recaptcha\/api\/fallback?k=6LclhMMrAAAAADp2bGOO_GyWnBA77uR5A0NjtkwG\" frameborder=\"0\" scrolling=\"no\" width=\"310\" height=\"430\">\r\n\t\t<\/iframe>\r\n\t\t<textarea name=\"g-recaptcha-response\" rows=\"3\" cols=\"40\" placeholder=\"reCaptcha Response Here\">\r\n\t\t<\/textarea>\r\n\t<\/div>\r\n<\/noscript>\r\n<\/span>\n<p><input class=\"wpcf7-form-control wpcf7-submit has-spinner\" type=\"submit\" value=\"Send Message\" \/>\n<\/p><div class=\"wpcf7-response-output\" aria-hidden=\"true\"><\/div>\n<\/form>\n<\/div>\n<\/div>[\/vc_column][\/vc_row]<\/p>\n<\/div>","protected":false},"excerpt":{"rendered":"<p>[vc_row][vc_column][\/vc_column][\/vc_row][vc_row full_width=&#8221;stretch_row&#8221; kd_image_overlay_color=&#8221;#FFFFFFC2&#8243; kd_bottom_separator_style=&#8221;arrow-down&#8221; kd_bottom_separator_height=&#8221;separator-height-small&#8221; kd_fixed_background=&#8221;true&#8221; kd_image_overlay=&#8221;true&#8221; kd_bottom_separator=&#8221;true&#8221; css=&#8221;.vc_custom_1744976478175{padding-top: 6% !important;padding-bottom: 6% !important;background: #f3f5f6 url(https:\/\/www.traldisporta.com\/wp-content\/uploads\/2025\/04\/bg_logistica.jpg?id=9616) !important;background-position: center !important;background-repeat: no-repeat !important;background-size: [&hellip;]<\/p>\n","protected":false},"author":2,"featured_media":0,"parent":0,"menu_order":0,"comment_status":"closed","ping_status":"closed","template":"","meta":{"footnotes":""},"class_list":["post-11698","page","type-page","status-publish","hentry"],"_links":{"self":[{"href":"https:\/\/www.traldisporta.com\/en\/wp-json\/wp\/v2\/pages\/11698","targetHints":{"allow":["GET"]}}],"collection":[{"href":"https:\/\/www.traldisporta.com\/en\/wp-json\/wp\/v2\/pages"}],"about":[{"href":"https:\/\/www.traldisporta.com\/en\/wp-json\/wp\/v2\/types\/page"}],"author":[{"embeddable":true,"href":"https:\/\/www.traldisporta.com\/en\/wp-json\/wp\/v2\/users\/2"}],"replies":[{"embeddable":true,"href":"https:\/\/www.traldisporta.com\/en\/wp-json\/wp\/v2\/comments?post=11698"}],"version-history":[{"count":6,"href":"https:\/\/www.traldisporta.com\/en\/wp-json\/wp\/v2\/pages\/11698\/revisions"}],"predecessor-version":[{"id":12209,"href":"https:\/\/www.traldisporta.com\/en\/wp-json\/wp\/v2\/pages\/11698\/revisions\/12209"}],"wp:attachment":[{"href":"https:\/\/www.traldisporta.com\/en\/wp-json\/wp\/v2\/media?parent=11698"}],"curies":[{"name":"wp","href":"https:\/\/api.w.org\/{rel}","templated":true}]}}