{"id":12038,"date":"2025-04-07T20:02:08","date_gmt":"2025-04-07T18:02:08","guid":{"rendered":"https:\/\/www.traldisporta.com\/politica-de-privacidad\/"},"modified":"2025-10-27T18:09:57","modified_gmt":"2025-10-27T17:09:57","slug":"privacy-policy","status":"publish","type":"page","link":"https:\/\/www.traldisporta.com\/en\/privacy-policy\/","title":{"rendered":"Privacy Policy"},"content":{"rendered":"<div class=\"wpb-content-wrapper\"><p>[vc_row][vc_column][vc_column_text css=&#8221;&#8221;]<strong>PROCESSING OF DATA FROM USERS OF THE CONTACT FORM<\/strong><\/p>\n<table width=\"522\" cellspacing=\"0\" cellpadding=\"7\">\n<tbody>\n<tr>\n<td colspan=\"2\" valign=\"top\" width=\"100%\"><span lang=\"en-GB\">USER PRIVACY POLICY<\/span><\/td>\n<\/tr>\n<tr valign=\"top\">\n<td width=\"50%\"><span lang=\"en-GB\">RESPONSIBLE PARTY<\/span><\/td>\n<td width=\"50%\"><span lang=\"en-GB\">TRANSPORTS I DISTRIBUCIONS, S.L.U.<\/span><\/td>\n<\/tr>\n<tr valign=\"top\">\n<td width=\"50%\"><span lang=\"en-GB\">PURPOSE<\/span><\/td>\n<td width=\"50%\"><span lang=\"en-GB\">Manage queries from WEB USERS. <\/span><\/td>\n<\/tr>\n<tr valign=\"top\">\n<td width=\"50%\"><span lang=\"en-GB\">LEGAL BASIS<\/span><\/td>\n<td width=\"50%\"><span lang=\"en-GB\">The consent of the USER.<\/span><\/td>\n<\/tr>\n<tr valign=\"top\">\n<td width=\"50%\" height=\"1\"><span lang=\"en-GB\">RECEPTORS<\/span><\/td>\n<td width=\"50%\"><span lang=\"en-GB\">Your data may be transferred to other companies within the GRUP PORTA.<\/span><\/td>\n<\/tr>\n<tr valign=\"top\">\n<td width=\"50%\"><span lang=\"en-GB\">STORAGE<\/span><\/td>\n<td width=\"50%\"><span lang=\"en-GB\">Twelve (12) months.<\/span><\/td>\n<\/tr>\n<tr valign=\"top\">\n<td width=\"50%\" height=\"7\"><span lang=\"en-GB\">RIGHTS OF THE DATA SUBJECT<\/span><\/td>\n<td width=\"50%\"><span lang=\"en-GB\">Access, rectify and cancel data relating to you, object to the processing of data, request the limitation of processing, or data portability.<\/span><\/td>\n<\/tr>\n<\/tbody>\n<\/table>\n<p><span lang=\"en-GB\">In accordance with the provisions of Law 29\/2021, of 28 October, on Personal Data Protection (LQPD), and Decree 391\/2022, of 28 September 2022, approving the Regulations for the implementation of Law 29\/2021, of 28 October, on the protection of personal data, we inform you that your personal data collected through the \u2018Contact Form\u2019 will be processed by the Data Controller: <\/span><\/p>\n<p><span lang=\"en-GB\">&#8211; Data Controller: TRANSPORTS I DISTRIBUCIONS, S.L.U.<\/span><\/p>\n<p><span lang=\"en-GB\">&#8211; Tax ID Number: L-704254-J<br \/>\n<\/span><\/p>\n<p><span lang=\"en-GB\">&#8211; <\/span><span lang=\"en-GB\">Postal address: Zona Industrial, Borda del Germ\u00e0, 31, AD600, San Juli\u00e0 de L\u00f2ria, Principat d\u2019Andorra.<br \/>\n<\/span><\/p>\n<p><span lang=\"en-GB\">&#8211; Telephone: (+376) 741 200<br \/>\n<\/span><\/p>\n<p><span lang=\"en-GB\">&#8211; Email address: <\/span><span style=\"color: #467886;\"><u><a href=\"mailto:dades@porta.ad\"><span lang=\"en-GB\">dades@porta.ad<\/span><\/a><\/u><\/span><\/p>\n<p>&nbsp;<\/p>\n<p><span lang=\"en-GB\">&#8211; Data Protection Officer: CP COMPLIANCE I PRIVACITAT LEGAL, S.L.U.<br \/>\n<\/span><\/p>\n<p><span lang=\"en-GB\">&#8211; Contact details: (+376) 832 233 | (+376) 380 017<br \/>\n<\/span><\/p>\n<p><span lang=\"en-GB\">&#8211; Email address: <\/span><span style=\"color: #467886;\"><u><a href=\"mailto:dpo@cplegalconsulting.com\"><span lang=\"en-GB\">dpo@cplegalconsulting.com<\/span><\/a><\/u><\/span><\/p>\n<p><span lang=\"en-GB\">Your data will be processed for the purpose of managing requests and\/or queries you make on our website through the Contact Form. We may contact you by email or telephone, based on the data you have provided us with.<\/span><\/p>\n<p><span lang=\"en-GB\">The legal basis for the processing of your personal data is based on your consent given through your acceptance of this privacy policy.<\/span><\/p>\n<p><span lang=\"en-GB\">The Data Controller informs you that the processing of your data does not involve automated decision-making or profiling for the purpose of predicting personal preferences, behaviours or attitudes. <\/span><\/p>\n<p><span lang=\"en-GB\">Your data may be transferred to other companies within the GRUP PORTA and in cases where there is a legal obligation to do so. Except in these cases, your data will not be transferred to other data controllers, either nationally or internationally. The data provided will be kept for a maximum period of twelve (12) months.<\/span><\/p>\n<p><span lang=\"en-GB\">You have the right not to give your consent to the processing of your personal data; however, in this case, the consequences of your refusal will mean that it will be impossible to respond to your query. <\/span><\/p>\n<p><span lang=\"en-GB\">We would like to take this opportunity to inform you that you may exercise your rights of access, rectification, opposition, erasure, restriction and portability, as well as your decision not to be subject to automated individual decisions, by contacting the Data Controller at <\/span><span style=\"color: #467886;\"><u><a href=\"mailto:dades@porta.ad\"><span lang=\"en-GB\">dades@porta.ad<\/span><\/a><\/u><\/span><span lang=\"en-GB\"> or our Data Protection Officer (DPO) at <\/span><span style=\"color: #467886;\"><u><a href=\"mailto:dpo@cplegalconsulting.com\"><span lang=\"en-GB\">dpo@cplegalconsulting.com<\/span><\/a><\/u><\/span><span lang=\"en-GB\">. <\/span><\/p>\n<p><span lang=\"en-GB\">Likewise, if you are unable to exercise your rights before the Data Controller, you have the right to address your complaint to the Andorran Data Protection Agency (APDA).<\/span><\/p>\n<hr>\n<p>&nbsp;<\/p>\n<p><strong>PROCESSING OF DATA OF JOB APPLICANTS AND CANDIDATES IN JOB SELECTION PROCESSES<\/strong><\/p>\n<table width=\"100%\" cellspacing=\"0\" cellpadding=\"7\">\n<tbody>\n<tr>\n<td colspan=\"2\" valign=\"top\" width=\"508\"><span lang=\"en-GB\">PRIVACY POLICY FOR JOB APPLICANTS<\/span><\/td>\n<\/tr>\n<tr valign=\"top\">\n<td width=\"50%\"><span lang=\"en-GB\">RESPONSIBLE PARTY <\/span><\/td>\n<td width=\"50%\"><span lang=\"en-GB\">TRANSPORTS I DISTRIBUCIONS, S.L.U. <\/span><\/td>\n<\/tr>\n<tr valign=\"top\">\n<td width=\"50%\"><span lang=\"en-GB\">PURPOSE<\/span><\/td>\n<td width=\"50%\"><span lang=\"en-GB\">Manage applications<\/span><\/td>\n<\/tr>\n<tr valign=\"top\">\n<td width=\"50%\"><span lang=\"en-GB\">LEGAL BASIS <\/span><\/td>\n<td width=\"50%\"><span lang=\"en-GB\">The USER&#8217;s consent<\/span><\/td>\n<\/tr>\n<tr valign=\"top\">\n<td width=\"50%\" height=\"1\"><span lang=\"en-GB\">RECIPIENTS <\/span><\/td>\n<td width=\"50%\"><span lang=\"en-GB\">Your data may be transferred to other companies in the GRUP PORTA<\/span><\/td>\n<\/tr>\n<tr valign=\"top\">\n<td width=\"50%\"><span lang=\"en-GB\">STORAGE<\/span><\/td>\n<td width=\"50%\"><span lang=\"en-GB\">Two (2) years<\/span><\/td>\n<\/tr>\n<tr valign=\"top\">\n<td width=\"247\" height=\"8\"><span lang=\"en-GB\">RIGHTS OF THE DATA SUBJECT<\/span><\/td>\n<td width=\"247\"><span lang=\"en-GB\">Access, rectify and cancel data relating to you, oppose the processing of your data, request the limitation of processing, or data portability<\/span><\/td>\n<\/tr>\n<\/tbody>\n<\/table>\n<p><span lang=\"en-GB\">In accordance with the provisions of Law 29\/2021, of 28 October, on Personal Data Protection (LQPD), and Decree 391\/2022, of 28 September 2022, approving the Regulations for the implementation of Law 29\/2021, of 28 October, on the protection of personal data, we inform you that your personal data collected through the \u2018Work with Us Form\u2019 will be processed by the Data Controller: <\/span><\/p>\n<p><span lang=\"en-GB\">&#8211; Data Controller: TRANSPORTS I DISTRIBUCIONS, S.L.U.<\/span><\/p>\n<p><span lang=\"en-GB\">&#8211; Tax ID Number: L-704254-J<br \/>\n<\/span><\/p>\n<p><span lang=\"en-GB\">&#8211; Postal address: Zona Industrial, Borda del Germ\u00e0, 31, AD600, San Juli\u00e0 de L\u00f2ria, Principat d\u2019Andorra.<br \/>\n<\/span><\/p>\n<p><span lang=\"en-GB\">&#8211; Telephone: (+376) 741 200<br \/>\n<\/span><\/p>\n<p><span lang=\"en-GB\">&#8211; Email address: <\/span><span style=\"color: #467886;\"><u><a href=\"mailto:dades@porta.ad\"><span lang=\"en-GB\">dades@porta.ad<\/span><\/a><\/u><\/span><\/p>\n<p>&nbsp;<\/p>\n<p><span lang=\"en-GB\">&#8211; Data Protection Officer: CP COMPLIANCE I PRIVACITAT LEGAL, S.L.U. <\/span><\/p>\n<p><span lang=\"en-GB\">&#8211; Contact details: (+376) 832 233 | (+376) 380 017<br \/>\n<\/span><\/p>\n<p><span lang=\"en-GB\">&#8211; Email address: <\/span><span style=\"color: #467886;\"><u><a href=\"mailto:dpo@cplegalconsulting.com\"><span lang=\"en-GB\">dpo@cplegalconsulting.com&nbsp;<\/span><\/a><\/u><\/span><\/p>\n<p><span lang=\"en-GB\">Your data will be processed for the purpose of managing your application on our portal enabled for this function. We may contact you by email or telephone, based on the information you have provided. <\/span><\/p>\n<p><span lang=\"en-GB\">The legal basis for the processing of your personal data is based on your&nbsp; <\/span><span lang=\"en-GB\">consent given through your acceptance of this privacy policy. <\/span><\/p>\n<p><span lang=\"en-GB\">The Data Controller informs you that the processing of your data does not involve automated decision-making or profiling for the purpose of predicting personal preferences, behaviours or attitudes. <\/span><\/p>\n<p><span lang=\"en-GB\">Your data may be transferred to other companies within the GRUP PORTA and in cases where there is a legal obligation to do so. Except in these cases, your data will not be transferred to other controllers, either nationally or internationally. The data provided will be kept for a maximum period of two (2) years. <\/span><\/p>\n<p><span lang=\"en-GB\">You have the right not to give your consent to the processing of your personal data; however, in this case, the consequences of your refusal will mean that your application cannot be considered and, therefore, you will not be able to access our vacancies. <\/span><\/p>\n<p><span lang=\"en-GB\">We would like to take this opportunity to inform you that you may exercise your rights of access, rectification, opposition, erasure, restriction and portability, as well as your decision not to be subject to automated individual decisions, by contacting the Data Controller at <\/span><span style=\"color: #467886;\"><u><a href=\"mailto:dades@porta.ad\"><span lang=\"en-GB\">dades@porta.ad<\/span><\/a><\/u><\/span><span lang=\"en-GB\"> or our Data Protection Officer (DPO) at <\/span><span style=\"color: #467886;\"><u><a href=\"mailto:dpo@cplegalconsulting.com\"><span lang=\"en-GB\">dpo@cplegalconsulting.com<\/span><\/a><\/u><\/span><\/p>\n<p><span lang=\"en-GB\">Likewise, if you are unable to exercise your rights before the Data Controller, you have the right to address your complaint to the Andorran Data Protection Agency (APDA). <\/span><\/p>\n<hr>\n<p>&nbsp;<\/p>\n<p><strong>PROCESSING OF VIDEO SURVEILLANCE IMAGES<\/strong><\/p>\n<table width=\"100%\" cellspacing=\"0\" cellpadding=\"7\">\n<tbody>\n<tr>\n<td colspan=\"2\" valign=\"top\" width=\"508\"><span lang=\"en-GB\">PRIVACY POLICY FOR JOB APPLICANTS<\/span><\/td>\n<\/tr>\n<tr valign=\"top\">\n<td width=\"50%\"><span lang=\"en-GB\">RESPONSIBLE PARTY <\/span><\/td>\n<td width=\"50%\"><span lang=\"en-GB\">TRANSPORTS I DISTRIBUCIONS, S.L.U. <\/span><\/td>\n<\/tr>\n<tr valign=\"top\">\n<td width=\"50%\"><span lang=\"en-GB\">PURPOSE<\/span><\/td>\n<td width=\"50%\">Protect the security of the establishment and the staff<\/td>\n<\/tr>\n<tr valign=\"top\">\n<td width=\"50%\"><span lang=\"en-GB\">LEGAL BASIS <\/span><\/td>\n<td width=\"50%\">Legitimate interest of the data controller<\/td>\n<\/tr>\n<tr valign=\"top\">\n<td width=\"50%\" height=\"1\"><span lang=\"en-GB\">RECIPIENTS <\/span><\/td>\n<td width=\"50%\">\n<div class=\"traductor-textarea form-group\">\n<div class=\"textarea-desti col-xs-12 col-sm-6\">\n<div class=\"form-control second-textarea\">Your data will not be transferred<\/div>\n<\/div>\n<\/div>\n<\/td>\n<\/tr>\n<tr valign=\"top\">\n<td width=\"50%\"><span lang=\"en-GB\">STORAGE<\/span><\/td>\n<td width=\"50%\"><span lang=\"en-GB\">1 (1) month<\/span><\/td>\n<\/tr>\n<tr valign=\"top\">\n<td width=\"247\" height=\"8\"><span lang=\"en-GB\">RIGHTS OF THE DATA SUBJECT<\/span><\/td>\n<td width=\"247\"><span lang=\"en-GB\">Access, rectify and cancel data relating to you, oppose the processing of your data, request the limitation of processing, or data portability<\/span><\/td>\n<\/tr>\n<\/tbody>\n<\/table>\n<p><span lang=\"en-GB\">In accordance with the provisions of Law 29\/2021, of 28 October, on Personal Data Protection (LQPD), and Decree 391\/2022, of 28 September 2022, approving the Regulations for the implementation of Law 29\/2021, of 28 October, on the protection of personal data, we inform you that your personal data collected through the \u2018Work with Us Form\u2019 will be processed by the Data Controller: <\/span><\/p>\n<p><span lang=\"en-GB\">&#8211; Data Controller: TRANSPORTS I DISTRIBUCIONS, S.L.U.<\/span><\/p>\n<p><span lang=\"en-GB\">&#8211; Tax ID Number: L-704254-J<br \/>\n<\/span><\/p>\n<p><span lang=\"en-GB\">&#8211; Postal address: Zona Industrial, Borda del Germ\u00e0, 31, AD600, San Juli\u00e0 de L\u00f2ria, Principat d\u2019Andorra.<br \/>\n<\/span><\/p>\n<p><span lang=\"en-GB\">&#8211; Telephone: (+376) 741 200<br \/>\n<\/span><\/p>\n<p><span lang=\"en-GB\">&#8211; Email address: <\/span><span style=\"color: #467886;\"><u><a href=\"mailto:dades@porta.ad\"><span lang=\"en-GB\">dades@porta.ad<\/span><\/a><\/u><\/span><\/p>\n<p>&nbsp;<\/p>\n<p><span lang=\"en-GB\">&#8211; Data Protection Officer: CP COMPLIANCE I PRIVACITAT LEGAL, S.L.U. <\/span><\/p>\n<p><span lang=\"en-GB\">&#8211; Contact details: (+376) 832 233 | (+376) 380 017<br \/>\n<\/span><\/p>\n<p><span lang=\"en-GB\">&#8211; Email address: <\/span><span style=\"color: #467886;\"><u><a href=\"mailto:dpo@cplegalconsulting.com\"><span lang=\"en-GB\">dpo@cplegalconsulting.com&nbsp;<\/span><\/a><\/u><\/span><\/p>\n<p><span lang=\"en-GB\">Your data will be processed in order to protect the security of the establishment, as well as to guarantee the security of people and goods in the private space that is video-monitored.<\/span><\/p>\n<p><span lang=\"en-GB\">The legal basis for the processing of your personal data is: the legitimate interest.<br \/>\n<\/span><\/p>\n<p><span lang=\"en-GB\">Likewise, we inform you that the processing of data does not involve automated decisions, nor the preparation of profiles for predictive purposes of personal preferences, behaviors or attitudes.<br \/>\n<\/span><\/p>\n<p><span lang=\"en-GB\">Your data will not be transferred to other responsible, national and \/ or international; except for those cases in which there is a legal obligation to do so. Your data will be kept for a maximum of one month, except for those cases in which there is a legal obligation of conservation. Once the legally established maximum <\/span><span lang=\"en-GB\">conservation periods have elapsed, your data will be deleted.<br \/>\n<\/span><\/p>\n<p><span lang=\"en-GB\">By taking advantage of the information we inform you that you can exercise your rights of access, rectification, opposition, deletion, limitation, and portability, as well as your decision not to be the subject of automated individual decisions; by contacting the Data Controller through the email <a href=\"mailto:dades@porta.ad\">dades@porta.ad<\/a> or with our Data Protection Delegate to <\/span><span style=\"color: #467886;\"><u><a href=\"mailto:dpo@cplegalconsulting.com\"><span lang=\"en-GB\">dpo@cplegalconsulting.com<\/span><\/a><\/u><\/span><span lang=\"en-GB\">.<\/span><\/p>\n<p><span lang=\"en-GB\">Likewise, if you are unable to exercise your rights before the Data Controller, you have the right to address your complaint to the Andorran Data Protection Agency (APDA).<\/span><\/p>\n<p>&nbsp;<\/p>\n<div class=\"traductor-textarea form-group\">\n<div class=\"textarea-desti col-xs-12 col-sm-6\">\n<div class=\"form-control second-textarea\">Last updated: September 11, 2025.<\/div>\n<\/div>\n<\/div>\n<div class=\"traductor-checkbox form-group\">\n<div id=\"panel-radioneuronal\" class=\"row\">\n<div class=\"col-sm-5 col-sm-offset-2\"><\/div>\n<\/div>\n<\/div>\n<p>[\/vc_column_text][\/vc_column][\/vc_row]<\/p>\n<\/div>","protected":false},"excerpt":{"rendered":"<p>[vc_row][vc_column][vc_column_text css=&#8221;&#8221;]PROCESSING OF DATA FROM USERS OF THE CONTACT FORM USER PRIVACY POLICY RESPONSIBLE PARTY TRANSPORTS I DISTRIBUCIONS, S.L.U. PURPOSE [&hellip;]<\/p>\n","protected":false},"author":2,"featured_media":11777,"parent":0,"menu_order":0,"comment_status":"closed","ping_status":"closed","template":"","meta":{"footnotes":""},"class_list":["post-12038","page","type-page","status-publish","has-post-thumbnail","hentry"],"_links":{"self":[{"href":"https:\/\/www.traldisporta.com\/en\/wp-json\/wp\/v2\/pages\/12038","targetHints":{"allow":["GET"]}}],"collection":[{"href":"https:\/\/www.traldisporta.com\/en\/wp-json\/wp\/v2\/pages"}],"about":[{"href":"https:\/\/www.traldisporta.com\/en\/wp-json\/wp\/v2\/types\/page"}],"author":[{"embeddable":true,"href":"https:\/\/www.traldisporta.com\/en\/wp-json\/wp\/v2\/users\/2"}],"replies":[{"embeddable":true,"href":"https:\/\/www.traldisporta.com\/en\/wp-json\/wp\/v2\/comments?post=12038"}],"version-history":[{"count":5,"href":"https:\/\/www.traldisporta.com\/en\/wp-json\/wp\/v2\/pages\/12038\/revisions"}],"predecessor-version":[{"id":12620,"href":"https:\/\/www.traldisporta.com\/en\/wp-json\/wp\/v2\/pages\/12038\/revisions\/12620"}],"wp:featuredmedia":[{"embeddable":true,"href":"https:\/\/www.traldisporta.com\/en\/wp-json\/wp\/v2\/media\/11777"}],"wp:attachment":[{"href":"https:\/\/www.traldisporta.com\/en\/wp-json\/wp\/v2\/media?parent=12038"}],"curies":[{"name":"wp","href":"https:\/\/api.w.org\/{rel}","templated":true}]}}