{"id":5754,"date":"2018-10-22T13:48:46","date_gmt":"2018-10-22T13:48:46","guid":{"rendered":"https:\/\/www.ekko-wp.com\/?page_id=5754"},"modified":"2025-05-09T11:14:58","modified_gmt":"2025-05-09T09:14:58","slug":"contacto","status":"publish","type":"page","link":"https:\/\/www.traldisporta.com\/es\/contacto\/","title":{"rendered":"Contacto"},"content":{"rendered":"<div class=\"wpb-content-wrapper\"><p>[vc_row full_width=&#8221;stretch_row_content_no_spaces&#8221;][vc_column]\n\t\t\t\t<p class=\"rs-p-wp-fix\"><\/p>\n\t\t\t\t<sr7-module data-alias=\"contacto\" data-id=\"5\" id=\"SR7_5_1\" class=\"rs-ov-hidden\" data-version=\"6.7.36\">\n\t\t\t\t\t<sr7-adjuster><\/sr7-adjuster>\n\t\t\t\t\t<sr7-content>\n\t\t\t\t\t\t<sr7-slide id=\"SR7_5_1-21\" data-key=\"21\">\n\t\t\t\t\t\t\t<sr7-bg id=\"SR7_5_1-21-23\" class=\"sr7-layer\"><noscript><img decoding=\"async\" src=\"https:\/\/www.traldisporta.com\/wp-content\/uploads\/2025\/07\/26052025-DJI_20250526082509_0513_D-1.jpg\" alt=\"\" title=\"26052025-DJI_20250526082509_0513_D\"><\/noscript><\/sr7-bg>\n\t\t\t\t\t\t\t<sr7-txt id=\"SR7_5_1-21-19\" class=\"sr7-layer\">Estamos muy cerca.<\/sr7-txt>\n\t\t\t\t\t\t\t<sr7-txt id=\"SR7_5_1-21-20\" class=\"sr7-layer\">Contacte con nosotros si necesita m\u00e1s informaci\u00f3n o asesoramiento personalizado.<\/sr7-txt>\n\t\t\t\t\t\t<\/sr7-slide>\n\t\t\t\t\t\t<sr7-slide id=\"SR7_5_1-22\" data-key=\"22\">\n\t\t\t\t\t\t<\/sr7-slide>\n\t\t\t\t\t<\/sr7-content>\n\t\t\t\t\t<image_lists style=\"display:none\">\n\t\t\t\t\t\t<img data-src=\"\/\/www.traldisporta.com\/wp-content\/uploads\/2025\/03\/cropped-favicon-1.png\" data-libid=\"8509\" data-lib=\"medialibrary\" width=\"0\" height=\"0\" data-dbsrc=\"Ly93d3cudHJhbGRpc3BvcnRhLmNvbS93cC1jb250ZW50L3VwbG9hZHMvMjAyNS8wMy9jcm9wcGVkLWZhdmljb24tMS5wbmc=\"\/>\n\t\t\t\t\t\t<img data-src=\"\/\/www.traldisporta.com\/wp-content\/uploads\/2025\/07\/26052025-DJI_20250526082509_0513_D-1.jpg\" data-libid=\"12196\" data-lib=\"medialibrary\" title=\"26052025-DJI_20250526082509_0513_D\" width=\"0\" height=\"0\" data-dbsrc=\"Ly93d3cudHJhbGRpc3BvcnRhLmNvbS93cC1jb250ZW50L3VwbG9hZHMvMjAyNS8wNy8yNjA1MjAyNS1ESklfMjAyNTA1MjYwODI1MDlfMDUxM19ELTEuanBn\"\/>\n\t\t\t\t\t<\/image_lists>\n\t\t\t\t<\/sr7-module>\n\t\t\t\t<script>\n\t\t\t\t\tSR7.PMH ??={}; SR7.PMH[\"SR7_5_1\"] = {cn:100,state:false,fn: function() { if (_tpt!==undefined && _tpt.prepareModuleHeight !== undefined) {  _tpt.prepareModuleHeight({id:\"SR7_5_1\",el:[700,700,768,960,720],type:'standard',shdw:'0',gh:[700,700,578,439,271],gw:[1240,1240,1024,778,480],vpt:['-100px'],size:{fullWidth:true, fullHeight:false},mh:'0',onh:0,onw:0,bg:{color:'{\"orig\":\"transparent\",\"type\":\"solid\",\"string\":\"transparent\"}'}});   SR7.PMH[\"SR7_5_1\"].state=true;} else if(SR7.PMH[\"SR7_5_1\"].cn-->0)\tsetTimeout( SR7.PMH[\"SR7_5_1\"].fn,19);}};SR7.PMH[\"SR7_5_1\" ].fn();\n\t\t\t\t<\/script>\n[\/vc_column][\/vc_row][vc_row css=&#8221;.vc_custom_1555665510935{padding-top: 100px !important;padding-bottom: 50px !important;}&#8221;][vc_column][vc_row_inner css=&#8221;.vc_custom_1556020050820{margin-bottom: 20px !important;padding-right: 0px !important;padding-left: 0px !important;}&#8221;][vc_column_inner width=&#8221;1\/4&#8243;]<div class=\"cb-container cb-cont-left\" style=\"background-color:#fff;\" ><div class=\"cb-img-area\"><i class=\"iconsmind-Location-2 iconsmind-Maps-Locations\" style=\" color: #004289;\"><\/i> <\/div><div class=\"cb-text-area\">\n                    <h4 class=\"cb-heading with-subtitle\" style=\"color: #004289;\">Sede central<\/h4><h5 class=\"cb-subtitle\" style=\"color: #A7ACA2;\">Traldis Porta, S.L.<\/h5><p style=\"color: #A7ACA2;\">Carrer Pol. Ind. Calle D, 1,<br \/>\n25710 La Seu d'Urgell.<br \/>\nLleida, Espa\u00f1a.<\/p><\/div><\/div>[\/vc_column_inner][vc_column_inner width=&#8221;1\/4&#8243;]<div class=\"cb-container cb-cont-left\" style=\"background-color:#fff;\" ><a href=\"https:\/\/www.traldisporta.com\/delegaciones\/\" target=\"\"><div class=\"cb-img-area\"><i class=\"iconsmind-Location-2 iconsmind-Maps-Locations\" style=\" color: #004289;\"><\/i> <\/div><div class=\"cb-text-area\">\n                    <h4 class=\"cb-heading with-subtitle\" style=\"color: #004289;\">Delegaciones<\/h4><h5 class=\"cb-subtitle\" style=\"color: #A7ACA2;\">Grupo Porta<\/h5><p style=\"color: #A7ACA2;\">Estamos muy cerca de usted.<\/p><\/div><\/a><\/div>[\/vc_column_inner][vc_column_inner width=&#8221;1\/4&#8243;]<div class=\"cb-container cb-cont-left\" style=\"background-color:#fff;\" ><div class=\"cb-img-area\"><i class=\"iconsmind-Phone-Wifi iconsmind-Desktop-apps\" style=\" color: #004289;\"><\/i> <\/div><div class=\"cb-text-area\">\n                    <h4 class=\"cb-heading with-subtitle\" style=\"color: #004289;\">Tel\u00e9fonos<\/h4><h5 class=\"cb-subtitle\" style=\"color: #A7ACA2;\">+376 741200<br \/>\n+34 902 014 022<\/h5><p style=\"color: #A7ACA2;\">Estaremos encantados de atenderle y ayudarle<\/p><\/div><\/div>[\/vc_column_inner][vc_column_inner width=&#8221;1\/4&#8243;]<div class=\"cb-container cb-cont-left\" style=\"background-color:#fff;\" ><a href=\"mailto:comercial@porta.ad\" target=\"\"><div class=\"cb-img-area\"><i class=\"iconsmind-Envelope iconsmind-Emails\" style=\" color: #004289;\"><\/i> <\/div><div class=\"cb-text-area\">\n                    <h4 class=\"cb-heading with-subtitle\" style=\"color: #004289;\">Correo electr\u00f3nico<\/h4><h5 class=\"cb-subtitle\" style=\"color: #A7ACA2;\">comercial@porta.ad<\/h5><p style=\"color: #A7ACA2;\">Le responderemos con la mayor celeridad posible<\/p><\/div><\/a><\/div>[\/vc_column_inner][\/vc_row_inner][\/vc_column][\/vc_row][vc_row full_width=&#8221;stretch_row_content_no_spaces&#8221; css=&#8221;.vc_custom_1556020071637{padding-bottom: 0px !important;background-color: #f5f5f5 !important;}&#8221;][vc_column width=&#8221;1\/2&#8243; css=&#8221;.vc_custom_1522244564559{padding-top: 0px !important;}&#8221; offset=&#8221;vc_col-lg-6 vc_col-md-12&#8243;]<script>\r\n\r\n                    async function initKdMap_kd69eb72964340f() {\r\n                      var map_kd69eb72964340f;\r\n        \t\t\t\t\t\t\tvar gmap_location_kd69eb72964340f = new google.maps.LatLng(42.3525965574489, 1.4384858970003158);\r\n        \t\t\t\t\t\t\tvar GMAP_MODULE_kd69eb72964340f = \"customMap\";\r\n                      const { AdvancedMarkerElement } = await google.maps.importLibrary(\"marker\");\r\n      \t\t\t\t\t\t\t\tvar featureOpts = [\r\n      \t\t\t\t\t\t\t\t\t\t\t{\r\n      \t\t\t\t\t\t\t\t\t\t\t  stylers: [\r\n      \t\t\t\t\t\t\t\t\t\t\t\t{ \"visibility\": \"on\" },\r\n      \t\t\t\t\t\t\t\t\t\t\t\t{ \"weight\": 1 },\r\n      \t\t\t\t\t\t\t\t\t\t\t\t{ \"saturation\": -100 },\r\n      \t\t\t\t\t\t\t\t\t\t\t\t{ \"lightness\": 2.2 },\r\n      \t\t\t\t\t\t\t\t\t\t\t\t{ \"gamma\": 2.2 }\r\n      \t\t\t\t\t\t\t\t\t\t\t  ]\r\n      \t\t\t\t\t\t\t\t\t\t\t}, {\r\n                                featureType: \"poi\",\r\n                                stylers: [\r\n                                  { \"visibility\": \"off\" }\r\n                                ]\r\n                              }\r\n      \t\t\t\t\t\t\t\t\t\t];\r\n      \t\t\t\t\t\t\t\tvar mapOptions = {\r\n      \t\t\t\t\t\t\t\t\tzoom: 14,\r\n      \t\t\t\t\t\t\t\t\tcenter: gmap_location_kd69eb72964340f,\r\n                        scrollwheel: false,\r\n      \t\t\t\t\t\t\t\t\tmapTypeControlOptions: {\r\n      \t\t\t\t\t\t\t\t\t\tmapTypeIds: [google.maps.MapTypeId.ROADMAP, GMAP_MODULE_kd69eb72964340f]\r\n      \t\t\t\t\t\t\t\t\t},\r\n      \t\t\t\t\t\t\t\t\tmapTypeId: GMAP_MODULE_kd69eb72964340f,\r\n                        mapId: \"DEMO_MAP_kd69eb72964340f\",\r\n      \t\t\t\t\t\t\t\t};\r\n      \t\t\t\t\t\t\t\tmap_kd69eb72964340f = new google.maps.Map(document.getElementById(\"kd69eb72964340f\"), mapOptions);\r\n      \t\t\t\t\t\t\t\tconst marker_image = document.createElement(\"img\");\r\n                      marker_image.src = \"https:\/\/www.traldisporta.com\/wp-content\/uploads\/2025\/03\/loc.png\";\r\n      \t\t\t\t\t\t\t\tconst marker_kd69eb72964340f = new AdvancedMarkerElement({\r\n      \t\t\t\t\t\t\t\t\tmap: map_kd69eb72964340f,\r\n      \t\t\t\t\t\t\t\t\tdraggable: false,content: marker_image,position: gmap_location_kd69eb72964340f,\r\n                      });\r\n      \t\t\t\t\t\t\t\tvar styledMapOptions = {\r\n      \t\t\t\t\t\t\t\t\tname: \"Sede central\"\r\n      \t\t\t\t\t\t\t\t};\r\n      \t\t\t\t\t\t\t\tvar customMapType_kd69eb72964340f = new google.maps.StyledMapType(featureOpts, styledMapOptions);\r\n      \t\t\t\t\t\t\t\tmap_kd69eb72964340f.mapTypes.set(GMAP_MODULE_kd69eb72964340f, customMapType_kd69eb72964340f);\r\n                      }\r\n                      jQuery(window).on(\"load\", function() {\r\n                        initKdMap_kd69eb72964340f();\r\n                      });\r\n      \t\t\t\t\t\t<\/script><div class=\"contact-map-container hidden_info_panel\" style=\"height: 645px;\"><div id=\"kd69eb72964340f\" class=\"kd_map\" style=\"height: 645px;\"><\/div>\r\n\r\n            <\/div>[\/vc_column][vc_column width=&#8221;1\/2&#8243; css=&#8221;.vc_custom_1539086354367{padding-top: 100px !important;}&#8221; offset=&#8221;vc_col-lg-6 vc_col-md-12&#8243;][vc_row_inner css=&#8221;.vc_custom_1556020075204{padding-top: 0px !important;}&#8221;][vc_column_inner width=&#8221;1\/4&#8243;][\/vc_column_inner][vc_column_inner width=&#8221;1\/2&#8243; css=&#8221;.vc_custom_1541508316360{padding-right: 0px !important;padding-bottom: 30px !important;padding-left: 0px !important;}&#8221;]<header class=\"kd-section-title col-lg-12 text-left  kd-animated fadeIn  \" data-animation-delay=200><h2 class=\"separator_off\" >\u00bfPodemos ayudarle?<\/h2><h6 class=\"subtitle \" >Escr\u00edbanos explicando su proyecto y nos pondremos en contacto para ofrecerle la mejor soluci\u00f3n.<\/h6><\/header>[vc_empty_space height=&#8221;10px&#8221;]<div class=\"kd-contact-form full-width-cf white-input-bg\" >\n<div class=\"wpcf7 no-js\" id=\"wpcf7-f5976-o1\" lang=\"es-ES\" dir=\"ltr\" data-wpcf7-id=\"5976\">\n<div class=\"screen-reader-response\"><p role=\"status\" aria-live=\"polite\" aria-atomic=\"true\"><\/p> <ul><\/ul><\/div>\n<form action=\"\/es\/wp-json\/wp\/v2\/pages\/5754#wpcf7-f5976-o1\" method=\"post\" class=\"wpcf7-form init\" aria-label=\"Formulario de contacto\" novalidate=\"novalidate\" data-status=\"init\">\n<fieldset class=\"hidden-fields-container\"><input type=\"hidden\" name=\"_wpcf7\" value=\"5976\" \/><input type=\"hidden\" name=\"_wpcf7_version\" value=\"6.1.5\" \/><input type=\"hidden\" name=\"_wpcf7_locale\" value=\"es_ES\" \/><input type=\"hidden\" name=\"_wpcf7_unit_tag\" value=\"wpcf7-f5976-o1\" \/><input type=\"hidden\" name=\"_wpcf7_container_post\" value=\"0\" \/><input type=\"hidden\" name=\"_wpcf7_posted_data_hash\" value=\"\" \/><input type=\"hidden\" name=\"_wpcf7_recaptcha_response\" value=\"\" \/>\n<\/fieldset>\n<p><span class=\"wpcf7-form-control-wrap\" data-name=\"your-email\"><input size=\"40\" maxlength=\"400\" class=\"wpcf7-form-control wpcf7-email wpcf7-validates-as-required wpcf7-text wpcf7-validates-as-email\" aria-required=\"true\" aria-invalid=\"false\" placeholder=\"Email *\" value=\"\" type=\"email\" name=\"your-email\" \/><\/span><br \/>\n<span class=\"wpcf7-form-control-wrap\" data-name=\"your-phone\"><input size=\"40\" maxlength=\"400\" class=\"wpcf7-form-control wpcf7-tel wpcf7-validates-as-required wpcf7-text wpcf7-validates-as-tel\" aria-required=\"true\" aria-invalid=\"false\" placeholder=\"Tel\u00e9fono\" value=\"\" type=\"tel\" name=\"your-phone\" \/><\/span><br \/>\n<span class=\"wpcf7-form-control-wrap\" data-name=\"textarea-148\"><textarea cols=\"40\" rows=\"2\" maxlength=\"2000\" class=\"wpcf7-form-control wpcf7-textarea\" aria-invalid=\"false\" placeholder=\"Mensaje\" name=\"textarea-148\"><\/textarea><\/span><br \/>\n<span class=\"wpcf7-form-control-wrap\" data-name=\"acceptance-567\"><span class=\"wpcf7-form-control wpcf7-acceptance optional\"><span class=\"wpcf7-list-item\"><label><input type=\"checkbox\" name=\"acceptance-567\" value=\"1\" aria-invalid=\"false\" \/><span class=\"wpcf7-list-item-label\"><span style=\"font-size:0.9em\">He le\u00eddo y acepto la <a href=\"https:\/\/www.traldisporta.com\/es\/politica-de-privacidad\/\" target=\"_blank\">pol\u00edtica de privacidad<\/a> del GRUPO PORTA<\/span><\/span><\/label><\/span><\/span><\/span>\n<\/p>\n<div class=\"Legal_text\">\n\t<p>Los datos recopilados a trav\u00e9s del presente formulario ser\u00e1n tratados por TRANSPORTS I DISTRIBUCIONS, S.L.U. con la finalidad de gestionar sus consultas como usuario de la web. La base de legitimaci\u00f3n ser\u00e1 su consentimiento, por lo que le recomendamos que lea atentamente nuestra <a href=\"https:\/\/www.traldisporta.com\/es\/politica-de-privacidad\/\" target=\"_blank\">pol\u00edtica de privacidad<\/a> completa. Sus datos podr\u00e1n ser cedidos a otras empresas del GRUP PORTA. Los datos que nos facilite ser\u00e1n conservados durante un m\u00e1ximo de doce meses. Puede ejercer sus derechos de protecci\u00f3n de datos ante el propio responsable en dades@porta.ad o dirigi\u00e9ndose a nuestro Delegado de Protecci\u00f3n de Datos: dpo@cplegalconsulting.com\n\t<\/p>\n<\/div>\n<span class=\"wpcf7-form-control-wrap recaptcha\" data-name=\"recaptcha\"><span data-sitekey=\"6LclhMMrAAAAADp2bGOO_GyWnBA77uR5A0NjtkwG\" class=\"wpcf7-form-control wpcf7-recaptcha g-recaptcha\"><\/span>\r\n<noscript>\r\n\t<div class=\"grecaptcha-noscript\">\r\n\t\t<iframe loading=\"lazy\" src=\"https:\/\/www.google.com\/recaptcha\/api\/fallback?k=6LclhMMrAAAAADp2bGOO_GyWnBA77uR5A0NjtkwG\" frameborder=\"0\" scrolling=\"no\" width=\"310\" height=\"430\">\r\n\t\t<\/iframe>\r\n\t\t<textarea name=\"g-recaptcha-response\" rows=\"3\" cols=\"40\" placeholder=\"Aqu\u00ed la respuesta de reCAPTCHA\">\r\n\t\t<\/textarea>\r\n\t<\/div>\r\n<\/noscript>\r\n<\/span>\n<p><input class=\"wpcf7-form-control wpcf7-submit has-spinner\" type=\"submit\" value=\"Enviar Mensaje\" \/>\n<\/p><div class=\"wpcf7-response-output\" aria-hidden=\"true\"><\/div>\n<\/form>\n<\/div>\n<\/div>[\/vc_column_inner][vc_column_inner width=&#8221;1\/4&#8243;][\/vc_column_inner][\/vc_row_inner][\/vc_column][\/vc_row]<\/p>\n<\/div>","protected":false},"excerpt":{"rendered":"<p>[vc_row full_width=&#8221;stretch_row_content_no_spaces&#8221;][vc_column][\/vc_column][\/vc_row][vc_row css=&#8221;.vc_custom_1555665510935{padding-top: 100px !important;padding-bottom: 50px !important;}&#8221;][vc_column][vc_row_inner css=&#8221;.vc_custom_1556020050820{margin-bottom: 20px !important;padding-right: 0px !important;padding-left: 0px !important;}&#8221;][vc_column_inner width=&#8221;1\/4&#8243;][\/vc_column_inner][vc_column_inner width=&#8221;1\/4&#8243;][\/vc_column_inner][vc_column_inner width=&#8221;1\/4&#8243;][\/vc_column_inner][vc_column_inner width=&#8221;1\/4&#8243;][\/vc_column_inner][\/vc_row_inner][\/vc_column][\/vc_row][vc_row full_width=&#8221;stretch_row_content_no_spaces&#8221; css=&#8221;.vc_custom_1556020071637{padding-bottom: [&hellip;]<\/p>\n","protected":false},"author":1,"featured_media":0,"parent":0,"menu_order":0,"comment_status":"closed","ping_status":"closed","template":"","meta":{"footnotes":""},"class_list":["post-5754","page","type-page","status-publish","hentry"],"_links":{"self":[{"href":"https:\/\/www.traldisporta.com\/es\/wp-json\/wp\/v2\/pages\/5754","targetHints":{"allow":["GET"]}}],"collection":[{"href":"https:\/\/www.traldisporta.com\/es\/wp-json\/wp\/v2\/pages"}],"about":[{"href":"https:\/\/www.traldisporta.com\/es\/wp-json\/wp\/v2\/types\/page"}],"author":[{"embeddable":true,"href":"https:\/\/www.traldisporta.com\/es\/wp-json\/wp\/v2\/users\/1"}],"replies":[{"embeddable":true,"href":"https:\/\/www.traldisporta.com\/es\/wp-json\/wp\/v2\/comments?post=5754"}],"version-history":[{"count":25,"href":"https:\/\/www.traldisporta.com\/es\/wp-json\/wp\/v2\/pages\/5754\/revisions"}],"predecessor-version":[{"id":8088,"href":"https:\/\/www.traldisporta.com\/es\/wp-json\/wp\/v2\/pages\/5754\/revisions\/8088"}],"wp:attachment":[{"href":"https:\/\/www.traldisporta.com\/es\/wp-json\/wp\/v2\/media?parent=5754"}],"curies":[{"name":"wp","href":"https:\/\/api.w.org\/{rel}","templated":true}]}}