{"id":8331,"date":"2025-03-17T12:35:27","date_gmt":"2025-03-17T11:35:27","guid":{"rendered":"https:\/\/www.traldisporta.com\/?page_id=8331"},"modified":"2025-05-09T12:26:46","modified_gmt":"2025-05-09T10:26:46","slug":"premium","status":"publish","type":"page","link":"https:\/\/www.traldisporta.com\/es\/premium\/","title":{"rendered":"Premium"},"content":{"rendered":"<div class=\"wpb-content-wrapper\"><p>[vc_row][vc_column]\n\t\t\t\t<p class=\"rs-p-wp-fix\"><\/p>\n\t\t\t\t<sr7-module data-alias=\"premium\" data-id=\"9\" id=\"SR7_9_1\" class=\"rs-ov-hidden\" data-version=\"6.7.36\">\n\t\t\t\t\t<sr7-adjuster><\/sr7-adjuster>\n\t\t\t\t\t<sr7-content>\n\t\t\t\t\t\t<sr7-slide id=\"SR7_9_1-31\" data-key=\"31\">\n\t\t\t\t\t\t\t<sr7-bg id=\"SR7_9_1-31-27\" class=\"sr7-layer\"><noscript><img decoding=\"async\" src=\"https:\/\/www.traldisporta.com\/wp-content\/uploads\/2025\/05\/premium_v2.jpg\" alt=\"\" title=\"\"><\/noscript><\/sr7-bg>\n\t\t\t\t\t\t\t<sr7-txt id=\"SR7_9_1-31-23\" class=\"sr7-layer\">Servicio Premium<\/sr7-txt>\n\t\t\t\t\t\t\t<sr7-txt id=\"SR7_9_1-31-24\" class=\"sr7-layer\">Personalizado, seguro y discreto<\/sr7-txt>\n\t\t\t\t\t\t<\/sr7-slide>\n\t\t\t\t\t\t<sr7-slide id=\"SR7_9_1-32\" data-key=\"32\">\n\t\t\t\t\t\t<\/sr7-slide>\n\t\t\t\t\t<\/sr7-content>\n\t\t\t\t\t<image_lists style=\"display:none\">\n\t\t\t\t\t\t<img data-src=\"\/\/www.traldisporta.com\/wp-content\/uploads\/2025\/03\/flecha_negro.png\" data-libid=\"8644\" data-lib=\"medialibrary\" title=\"flecha_negro\" width=\"0\" height=\"0\" data-dbsrc=\"Ly93d3cudHJhbGRpc3BvcnRhLmNvbS93cC1jb250ZW50L3VwbG9hZHMvMjAyNS8wMy9mbGVjaGFfbmVncm8ucG5n\"\/>\n\t\t\t\t\t\t<img data-src=\"\/\/www.traldisporta.com\/wp-content\/uploads\/2025\/05\/premium_v2.jpg\" data-libid=\"9769\" data-lib=\"medialibrary\" width=\"0\" height=\"0\" data-dbsrc=\"Ly93d3cudHJhbGRpc3BvcnRhLmNvbS93cC1jb250ZW50L3VwbG9hZHMvMjAyNS8wNS9wcmVtaXVtX3YyLmpwZw==\"\/>\n\t\t\t\t\t<\/image_lists>\n\t\t\t\t<\/sr7-module>\n\t\t\t\t<script>\n\t\t\t\t\tSR7.PMH ??={}; SR7.PMH[\"SR7_9_1\"] = {cn:100,state:false,fn: function() { if (_tpt!==undefined && _tpt.prepareModuleHeight !== undefined) {  _tpt.prepareModuleHeight({id:\"SR7_9_1\",el:[700,700,768,960,720],type:'standard',shdw:'0',gh:[700,700,578,439,271],gw:[1240,1240,1024,778,480],vpt:['-100px'],size:{fullWidth:true, fullHeight:false},mh:'0',onh:0,onw:0,bg:{color:'{\"orig\":\"transparent\",\"type\":\"solid\",\"string\":\"transparent\"}'}});   SR7.PMH[\"SR7_9_1\"].state=true;} else if(SR7.PMH[\"SR7_9_1\"].cn-->0)\tsetTimeout( SR7.PMH[\"SR7_9_1\"].fn,19);}};SR7.PMH[\"SR7_9_1\" ].fn();\n\t\t\t\t<\/script>\n[\/vc_column][\/vc_row][vc_row full_width=&#8221;stretch_row&#8221; kd_image_overlay_color=&#8221;#FFFFFF80&#8243; kd_fixed_background=&#8221;true&#8221; kd_image_overlay=&#8221;true&#8221; css=&#8221;.vc_custom_1742560604366{padding-top: 100px !important;padding-bottom: 120px !important;background: #f3f5f6 url(https:\/\/www.traldisporta.com\/wp-content\/uploads\/2025\/03\/seda-blanca.webp?id=8639) !important;background-position: center !important;background-repeat: no-repeat !important;background-size: cover !important;}&#8221;][vc_column][vc_single_image image=&#8221;8642&#8243; img_size=&#8221;medium&#8221; alignment=&#8221;center&#8221; css=&#8221;&#8221;]<header class=\"kd-section-title col-lg-12 text-center solid-line sep-border-width-3 50 kd-animated fadeIn   vc_custom_1744208265163\" data-animation-delay=200><h2 class=\"separator_on\" style=\"color: #122763;font-size: 30px;\">Transporte seguro de bienes y objetos de especial valor<\/h2><div class=\"kd-separator below_title\" style=\"width:50;\"><div class=\"kd-separator-line\" style=\"border-color:#A7ACA2\"><\/div><\/div><h6 class=\"subtitle \" style=\"color: #5A5E63;\">Servicio ultra personalizado y confidencial, dise\u00f1ado meticulosamente para brindarte tranquilidad absoluta y m\u00e1xima discreci\u00f3n.<\/h6><\/header>[vc_row_inner][vc_column_inner][vc_btn title=&#8221;L\u00ednea directa PORTA PREMIUM: +34 610 45 43 68&#8243; color=&#8221;black&#8221; size=&#8221;lg&#8221; align=&#8221;center&#8221; css=&#8221;&#8221;][\/vc_column_inner][\/vc_row_inner][\/vc_column][\/vc_row]<\/p>\n<\/div>","protected":false},"excerpt":{"rendered":"<p>[vc_row][vc_column][\/vc_column][\/vc_row][vc_row full_width=&#8221;stretch_row&#8221; kd_image_overlay_color=&#8221;#FFFFFF80&#8243; kd_fixed_background=&#8221;true&#8221; kd_image_overlay=&#8221;true&#8221; css=&#8221;.vc_custom_1742560604366{padding-top: 100px !important;padding-bottom: 120px !important;background: #f3f5f6 url(https:\/\/www.traldisporta.com\/wp-content\/uploads\/2025\/03\/seda-blanca.webp?id=8639) !important;background-position: center !important;background-repeat: no-repeat !important;background-size: cover !important;}&#8221;][vc_column][vc_single_image image=&#8221;8642&#8243; [&hellip;]<\/p>\n","protected":false},"author":1,"featured_media":0,"parent":0,"menu_order":0,"comment_status":"closed","ping_status":"closed","template":"","meta":{"footnotes":""},"class_list":["post-8331","page","type-page","status-publish","hentry"],"_links":{"self":[{"href":"https:\/\/www.traldisporta.com\/es\/wp-json\/wp\/v2\/pages\/8331","targetHints":{"allow":["GET"]}}],"collection":[{"href":"https:\/\/www.traldisporta.com\/es\/wp-json\/wp\/v2\/pages"}],"about":[{"href":"https:\/\/www.traldisporta.com\/es\/wp-json\/wp\/v2\/types\/page"}],"author":[{"embeddable":true,"href":"https:\/\/www.traldisporta.com\/es\/wp-json\/wp\/v2\/users\/1"}],"replies":[{"embeddable":true,"href":"https:\/\/www.traldisporta.com\/es\/wp-json\/wp\/v2\/comments?post=8331"}],"version-history":[{"count":16,"href":"https:\/\/www.traldisporta.com\/es\/wp-json\/wp\/v2\/pages\/8331\/revisions"}],"predecessor-version":[{"id":9366,"href":"https:\/\/www.traldisporta.com\/es\/wp-json\/wp\/v2\/pages\/8331\/revisions\/9366"}],"wp:attachment":[{"href":"https:\/\/www.traldisporta.com\/es\/wp-json\/wp\/v2\/media?parent=8331"}],"curies":[{"name":"wp","href":"https:\/\/api.w.org\/{rel}","templated":true}]}}