{"id":9595,"date":"2025-04-18T13:01:23","date_gmt":"2025-04-18T11:01:23","guid":{"rendered":"https:\/\/www.traldisporta.com\/?page_id=9595"},"modified":"2025-06-03T17:07:19","modified_gmt":"2025-06-03T15:07:19","slug":"deposito-aduanero-en-andorra","status":"publish","type":"page","link":"https:\/\/www.traldisporta.com\/es\/deposito-aduanero-en-andorra\/","title":{"rendered":"Dep\u00f3sito aduanero en Andorra"},"content":{"rendered":"<div class=\"wpb-content-wrapper\"><p>[vc_row][vc_column]\n\t\t\t\t<p class=\"rs-p-wp-fix\"><\/p>\n\t\t\t\t<sr7-module data-alias=\"deposito-aduanero-andorra\" data-id=\"22\" id=\"SR7_22_1\" class=\"rs-ov-hidden\" data-version=\"6.7.36\">\n\t\t\t\t\t<sr7-adjuster><\/sr7-adjuster>\n\t\t\t\t\t<sr7-content>\n\t\t\t\t\t\t<sr7-slide id=\"SR7_22_1-60\" data-key=\"60\">\n\t\t\t\t\t\t\t<sr7-bg id=\"SR7_22_1-60-27\" class=\"sr7-layer\"><noscript><img decoding=\"async\" src=\"https:\/\/www.traldisporta.com\/wp-content\/uploads\/2025\/06\/logistica_slide.jpg\" alt=\"\" title=\"\"><\/noscript><\/sr7-bg>\n\t\t\t\t\t\t\t<sr7-txt id=\"SR7_22_1-60-23\" class=\"sr7-layer\">Dep\u00f3sito aduanero en Andorra<\/sr7-txt>\n\t\t\t\t\t\t\t<sr7-txt id=\"SR7_22_1-60-24\" class=\"sr7-layer\">M\u00e1s inteligente, precisa y confiable<\/sr7-txt>\n\t\t\t\t\t\t\t<sr7-txt id=\"SR7_22_1-60-25\" class=\"sr7-layer\">LOG\u00cdSTICA - ALMACENAJE - DISTRIBUCI\u00d3N<\/sr7-txt>\n\t\t\t\t\t\t<\/sr7-slide>\n\t\t\t\t\t\t<sr7-slide id=\"SR7_22_1-61\" data-key=\"61\">\n\t\t\t\t\t\t<\/sr7-slide>\n\t\t\t\t\t<\/sr7-content>\n\t\t\t\t\t<image_lists style=\"display:none\">\n\t\t\t\t\t\t<img data-src=\"\/\/www.traldisporta.com\/wp-content\/uploads\/2025\/04\/deposito_aduanero_2.png\" data-libid=\"9611\" data-lib=\"medialibrary\" width=\"0\" height=\"0\" data-dbsrc=\"Ly93d3cudHJhbGRpc3BvcnRhLmNvbS93cC1jb250ZW50L3VwbG9hZHMvMjAyNS8wNC9kZXBvc2l0b19hZHVhbmVyb18yLnBuZw==\"\/>\n\t\t\t\t\t\t<img data-src=\"\/\/www.traldisporta.com\/wp-content\/uploads\/2025\/06\/logistica_slide.jpg\" data-libid=\"12086\" data-lib=\"medialibrary\" width=\"0\" height=\"0\" data-dbsrc=\"Ly93d3cudHJhbGRpc3BvcnRhLmNvbS93cC1jb250ZW50L3VwbG9hZHMvMjAyNS8wNi9sb2dpc3RpY2Ffc2xpZGUuanBn\"\/>\n\t\t\t\t\t<\/image_lists>\n\t\t\t\t<\/sr7-module>\n\t\t\t\t<script>\n\t\t\t\t\tSR7.PMH ??={}; SR7.PMH[\"SR7_22_1\"] = {cn:100,state:false,fn: function() { if (_tpt!==undefined && _tpt.prepareModuleHeight !== undefined) {  _tpt.prepareModuleHeight({id:\"SR7_22_1\",el:[900,900,768,960,720],type:'standard',shdw:'0',gh:[900,900,743,565,349],gw:[1240,1240,1024,778,480],vpt:['-100px'],size:{fullWidth:true, fullHeight:false},mh:'0',onh:0,onw:0,bg:{color:'{\"orig\":\"transparent\",\"type\":\"solid\",\"string\":\"transparent\"}'}});   SR7.PMH[\"SR7_22_1\"].state=true;} else if(SR7.PMH[\"SR7_22_1\"].cn-->0)\tsetTimeout( SR7.PMH[\"SR7_22_1\"].fn,19);}};SR7.PMH[\"SR7_22_1\" ].fn();\n\t\t\t\t<\/script>\n[\/vc_column][\/vc_row][vc_row full_width=&#8221;stretch_row&#8221; kd_fixed_background=&#8221;true&#8221; css=&#8221;.vc_custom_1744642613636{padding-top: 100px !important;padding-bottom: 75px !important;background-image: url(https:\/\/www.traldisporta.com\/wp-content\/uploads\/2025\/04\/bg3c.jpg?id=9361) !important;}&#8221;][vc_column][vc_single_image image=&#8221;8234&#8243; img_size=&#8221;full&#8221; css=&#8221;.vc_custom_1744965746282{padding-bottom: 50px !important;}&#8221;][\/vc_column][vc_column width=&#8221;1\/2&#8243;]<header class=\"kd-section-title col-lg-12 text-left solid-line sep-border-width-3 100px kd-animated fadeIn  \" data-animation-delay=200><h2 class=\"separator_on\" style=\"color: #122763;\">Dep\u00f3sito aduanero en Andorra<\/h2><div class=\"kd-separator below_title\" style=\"width:100px;\"><div class=\"kd-separator-line\" style=\"border-color:#A7ACA2\"><\/div><\/div><h6 class=\"subtitle \" style=\"color: #004289;\">El dep\u00f3sito aduanero de Porta en Andorra es un espacio estrat\u00e9gico dise\u00f1ado para recibir y almacenar productos importados desde el extranjero con la ventaja de una suspensi\u00f3n temporal del pago de impuestos hasta su despacho a consumo o su exportaci\u00f3n.<\/h6><\/header>[vc_column_text css=&#8221;&#8221;]Las ventajas de nuestro dep\u00f3sito aduanero:<\/p>\n<ul>\n<li>Suspensi\u00f3n de impuestos: los impuestos se abonan \u00fanicamente cuando la mercanc\u00eda se destina a consumo, optimizando su flujo de caja.<\/li>\n<li>Optimizaci\u00f3n log\u00edstica: mejora en los plazos de comercializaci\u00f3n y entrega final, asegurando un proceso \u00e1gil y eficiente.<\/li>\n<li>Servicios log\u00edsticos integrales: ofrecemos gesti\u00f3n de stocks, picking y preparaci\u00f3n de pedidos, gesti\u00f3n aduanera y transporte internacional.<\/li>\n<li>Permanencia ilimitada de la mercanc\u00eda: sin restricciones de tiempo para el almacenamiento de productos.<\/li>\n<li>Gesti\u00f3n flexible de env\u00edos parciales: permite realizar env\u00edos parciales sin necesidad de separar f\u00edsicamente los productos que han pagado impuestos de aquellos que no.<\/li>\n<\/ul>\n<p><strong>Conf\u00ede en Porta para simplificar y optimizar sus operaciones de importaci\u00f3n y exportaci\u00f3n en Andorra.<\/strong>[\/vc_column_text][\/vc_column][vc_column width=&#8221;1\/2&#8243;][vc_single_image image=&#8221;10864&#8243; img_size=&#8221;full&#8221; alignment=&#8221;center&#8221; css=&#8221;&#8221;][\/vc_column][\/vc_row][vc_row css=&#8221;.vc_custom_1748960016241{padding-top: 5% !important;padding-bottom: 5% !important;}&#8221;][vc_column width=&#8221;1\/3&#8243;][vc_single_image image=&#8221;10871&#8243; img_size=&#8221;full&#8221; css=&#8221;&#8221;][\/vc_column][vc_column width=&#8221;1\/3&#8243;][vc_single_image image=&#8221;10868&#8243; img_size=&#8221;full&#8221; css=&#8221;&#8221;][\/vc_column][vc_column width=&#8221;1\/3&#8243;][vc_single_image image=&#8221;10919&#8243; img_size=&#8221;full&#8221; css=&#8221;&#8221;][\/vc_column][\/vc_row][vc_row full_width=&#8221;stretch_row&#8221; kd_image_overlay=&#8221;true&#8221; css=&#8221;.vc_custom_1743504731316{margin-right: 15px !important;margin-bottom: 60px !important;padding-top: 100px !important;background: #FFFFFF url(https:\/\/www.traldisporta.com\/wp-content\/uploads\/2025\/03\/bg2.jpg?id=7559) !important;background-position: 0 0 !important;background-repeat: no-repeat !important;}&#8221;][vc_column width=&#8221;1\/2&#8243; offset=&#8221;vc_col-lg-6 vc_col-md-12&#8243;][vc_empty_space height=&#8221;10px&#8221;]<header class=\"kd-section-title col-lg-12 text-left  kd-animated fadeIn  \" data-animation-delay=200><h2 class=\"separator_off\" style=\"color: #ffffff;\">Contacte con nosotros si busca una experiencia y unos resultados diferentes.<\/h2><h6 class=\"subtitle \" style=\"color: #ffffff;\">Descubra c\u00f3mo podemos ayudarle a trav\u00e9s de un asesoramiento personalizado y un servicio 100% fiable.<\/h6><\/header>[vc_empty_space height=&#8221;10px&#8221;]<a  href=\"https:\/\/www.traldisporta.com\/es\/contacto\/\"  target=\"_self\"  title=\"Contacto\" class=\"tt_button tt_primary_button btn_primary_color  pull-left button-action-link  kd-animated zoomIn\" data-animation-delay=200><span class=\"prim_text\">Contacto<\/span><\/a>[vc_empty_space height=&#8221;25px&#8221;][\/vc_column][vc_column width=&#8221;2\/12&#8243;][\/vc_column][vc_column width=&#8221;1\/12&#8243; css=&#8221;.vc_custom_1741271850566{padding-top: 30px !important;padding-right: 40px !important;padding-bottom: 23px !important;padding-left: 40px !important;background-color: #ffffff !important;}&#8221; offset=&#8221;vc_col-lg-4 vc_col-md-12&#8243; el_class=&#8221;with-shadow&#8221; el_id=&#8221;contact-form-box&#8221;]<header class=\"kd-section-title col-lg-12 text-center solid-line sep-border-width-3 50 kd-animated fadeIn  \" data-animation-delay=200><h2 class=\"separator_on\" style=\"font-size: 24px;\">Contacto<\/h2><div class=\"kd-separator below_title\" style=\"width:50;\"><div class=\"kd-separator-line\" style=\"border-color:#A7ACA2\"><\/div><\/div><h6 class=\"subtitle \" style=\"font-size: 14px;\">Estamos a su servicio.<\/h6><\/header>[vc_empty_space height=&#8221;20px&#8221;]<div class=\"kd-contact-form full-width-cf   kd-animated fadeIn\" data-animation-delay=200>\n<div class=\"wpcf7 no-js\" id=\"wpcf7-f5976-o1\" lang=\"es-ES\" dir=\"ltr\" data-wpcf7-id=\"5976\">\n<div class=\"screen-reader-response\"><p role=\"status\" aria-live=\"polite\" aria-atomic=\"true\"><\/p> <ul><\/ul><\/div>\n<form action=\"\/es\/wp-json\/wp\/v2\/pages\/9595#wpcf7-f5976-o1\" method=\"post\" class=\"wpcf7-form init\" aria-label=\"Formulario de contacto\" novalidate=\"novalidate\" data-status=\"init\">\n<fieldset class=\"hidden-fields-container\"><input type=\"hidden\" name=\"_wpcf7\" value=\"5976\" \/><input type=\"hidden\" name=\"_wpcf7_version\" value=\"6.1.5\" \/><input type=\"hidden\" name=\"_wpcf7_locale\" value=\"es_ES\" \/><input type=\"hidden\" name=\"_wpcf7_unit_tag\" value=\"wpcf7-f5976-o1\" \/><input type=\"hidden\" name=\"_wpcf7_container_post\" value=\"0\" \/><input type=\"hidden\" name=\"_wpcf7_posted_data_hash\" value=\"\" \/><input type=\"hidden\" name=\"_wpcf7_recaptcha_response\" value=\"\" \/>\n<\/fieldset>\n<p><span class=\"wpcf7-form-control-wrap\" data-name=\"your-email\"><input size=\"40\" maxlength=\"400\" class=\"wpcf7-form-control wpcf7-email wpcf7-validates-as-required wpcf7-text wpcf7-validates-as-email\" aria-required=\"true\" aria-invalid=\"false\" placeholder=\"Email *\" value=\"\" type=\"email\" name=\"your-email\" \/><\/span><br \/>\n<span class=\"wpcf7-form-control-wrap\" data-name=\"your-phone\"><input size=\"40\" maxlength=\"400\" class=\"wpcf7-form-control wpcf7-tel wpcf7-validates-as-required wpcf7-text wpcf7-validates-as-tel\" aria-required=\"true\" aria-invalid=\"false\" placeholder=\"Tel\u00e9fono\" value=\"\" type=\"tel\" name=\"your-phone\" \/><\/span><br \/>\n<span class=\"wpcf7-form-control-wrap\" data-name=\"textarea-148\"><textarea cols=\"40\" rows=\"2\" maxlength=\"2000\" class=\"wpcf7-form-control wpcf7-textarea\" aria-invalid=\"false\" placeholder=\"Mensaje\" name=\"textarea-148\"><\/textarea><\/span><br \/>\n<span class=\"wpcf7-form-control-wrap\" data-name=\"acceptance-567\"><span class=\"wpcf7-form-control wpcf7-acceptance optional\"><span class=\"wpcf7-list-item\"><label><input type=\"checkbox\" name=\"acceptance-567\" value=\"1\" aria-invalid=\"false\" \/><span class=\"wpcf7-list-item-label\"><span style=\"font-size:0.9em\">He le\u00eddo y acepto la <a href=\"https:\/\/www.traldisporta.com\/es\/politica-de-privacidad\/\" target=\"_blank\">pol\u00edtica de privacidad<\/a> del GRUPO PORTA<\/span><\/span><\/label><\/span><\/span><\/span>\n<\/p>\n<div class=\"Legal_text\">\n\t<p>Los datos recopilados a trav\u00e9s del presente formulario ser\u00e1n tratados por TRANSPORTS I DISTRIBUCIONS, S.L.U. con la finalidad de gestionar sus consultas como usuario de la web. La base de legitimaci\u00f3n ser\u00e1 su consentimiento, por lo que le recomendamos que lea atentamente nuestra <a href=\"https:\/\/www.traldisporta.com\/es\/politica-de-privacidad\/\" target=\"_blank\">pol\u00edtica de privacidad<\/a> completa. Sus datos podr\u00e1n ser cedidos a otras empresas del GRUP PORTA. Los datos que nos facilite ser\u00e1n conservados durante un m\u00e1ximo de doce meses. Puede ejercer sus derechos de protecci\u00f3n de datos ante el propio responsable en dades@porta.ad o dirigi\u00e9ndose a nuestro Delegado de Protecci\u00f3n de Datos: dpo@cplegalconsulting.com\n\t<\/p>\n<\/div>\n<span class=\"wpcf7-form-control-wrap recaptcha\" data-name=\"recaptcha\"><span data-sitekey=\"6LclhMMrAAAAADp2bGOO_GyWnBA77uR5A0NjtkwG\" class=\"wpcf7-form-control wpcf7-recaptcha g-recaptcha\"><\/span>\r\n<noscript>\r\n\t<div class=\"grecaptcha-noscript\">\r\n\t\t<iframe loading=\"lazy\" src=\"https:\/\/www.google.com\/recaptcha\/api\/fallback?k=6LclhMMrAAAAADp2bGOO_GyWnBA77uR5A0NjtkwG\" frameborder=\"0\" scrolling=\"no\" width=\"310\" height=\"430\">\r\n\t\t<\/iframe>\r\n\t\t<textarea name=\"g-recaptcha-response\" rows=\"3\" cols=\"40\" placeholder=\"Aqu\u00ed la respuesta de reCAPTCHA\">\r\n\t\t<\/textarea>\r\n\t<\/div>\r\n<\/noscript>\r\n<\/span>\n<p><input class=\"wpcf7-form-control wpcf7-submit has-spinner\" type=\"submit\" value=\"Enviar Mensaje\" \/>\n<\/p><div class=\"wpcf7-response-output\" aria-hidden=\"true\"><\/div>\n<\/form>\n<\/div>\n<\/div>[\/vc_column][\/vc_row]<\/p>\n<\/div>","protected":false},"excerpt":{"rendered":"<p>[vc_row][vc_column][\/vc_column][\/vc_row][vc_row full_width=&#8221;stretch_row&#8221; kd_fixed_background=&#8221;true&#8221; css=&#8221;.vc_custom_1744642613636{padding-top: 100px !important;padding-bottom: 75px !important;background-image: url(https:\/\/www.traldisporta.com\/wp-content\/uploads\/2025\/04\/bg3c.jpg?id=9361) !important;}&#8221;][vc_column][vc_single_image image=&#8221;8234&#8243; img_size=&#8221;full&#8221; css=&#8221;.vc_custom_1744965746282{padding-bottom: 50px !important;}&#8221;][\/vc_column][vc_column width=&#8221;1\/2&#8243;][vc_column_text css=&#8221;&#8221;]Las ventajas de nuestro [&hellip;]<\/p>\n","protected":false},"author":1,"featured_media":0,"parent":0,"menu_order":0,"comment_status":"closed","ping_status":"closed","template":"","meta":{"footnotes":""},"class_list":["post-9595","page","type-page","status-publish","hentry"],"_links":{"self":[{"href":"https:\/\/www.traldisporta.com\/es\/wp-json\/wp\/v2\/pages\/9595","targetHints":{"allow":["GET"]}}],"collection":[{"href":"https:\/\/www.traldisporta.com\/es\/wp-json\/wp\/v2\/pages"}],"about":[{"href":"https:\/\/www.traldisporta.com\/es\/wp-json\/wp\/v2\/types\/page"}],"author":[{"embeddable":true,"href":"https:\/\/www.traldisporta.com\/es\/wp-json\/wp\/v2\/users\/1"}],"replies":[{"embeddable":true,"href":"https:\/\/www.traldisporta.com\/es\/wp-json\/wp\/v2\/comments?post=9595"}],"version-history":[{"count":9,"href":"https:\/\/www.traldisporta.com\/es\/wp-json\/wp\/v2\/pages\/9595\/revisions"}],"predecessor-version":[{"id":10921,"href":"https:\/\/www.traldisporta.com\/es\/wp-json\/wp\/v2\/pages\/9595\/revisions\/10921"}],"wp:attachment":[{"href":"https:\/\/www.traldisporta.com\/es\/wp-json\/wp\/v2\/media?parent=9595"}],"curies":[{"name":"wp","href":"https:\/\/api.w.org\/{rel}","templated":true}]}}